{"id":11378,"date":"2023-04-18T01:15:27","date_gmt":"2023-04-17T23:15:27","guid":{"rendered":"https:\/\/www.cse.sn\/?page_id=11378"},"modified":"2023-04-18T01:22:51","modified_gmt":"2023-04-17T23:22:51","slug":"agenda","status":"publish","type":"page","link":"https:\/\/www.cse.sn\/?page_id=11378","title":{"rendered":"Agenda"},"content":{"rendered":"\t\t<div data-elementor-type=\"wp-page\" data-elementor-id=\"11378\" class=\"elementor elementor-11378\" data-elementor-post-type=\"page\">\n\t\t\t\t\t\t\t\t\t<section data-particle_enable=\"false\" data-particle-mobile-disabled=\"false\" class=\"elementor-section elementor-top-section elementor-element elementor-element-79ff2a2 elementor-section-boxed elementor-section-height-default elementor-section-height-default\" data-id=\"79ff2a2\" data-element_type=\"section\">\n\t\t\t\t\t\t<div class=\"elementor-container elementor-column-gap-default\">\n\t\t\t\t\t<div class=\"elementor-column elementor-col-100 elementor-top-column elementor-element elementor-element-6a6c56d\" data-id=\"6a6c56d\" data-element_type=\"column\">\n\t\t\t<div class=\"elementor-widget-wrap elementor-element-populated\">\n\t\t\t\t\t\t\t\t<div class=\"elementor-element elementor-element-05d5722 elementor-widget elementor-widget-MEC\" data-id=\"05d5722\" data-element_type=\"widget\" data-widget_type=\"MEC.default\">\n\t\t\t\t<div class=\"elementor-widget-container\">\n\t\t\t<div class=\"mec-wrap mec-skin-list-container  \" id=\"mec_skin_11389\">\r\n    \r\n    \r\n            <div class=\"mec-skin-list-events-container\" id=\"mec_skin_events_11389\">\r\n        <div class=\"mec-wrap colorskin-custom\">\r\n\t<div class=\"mec-event-list-minimal\">\r\n\t\t\r\n            \r\n                        <article class=\"mec-past-event mec-event-article  mec-clear  mec-divider-toggle mec-toggle-202410-11389\" itemscope>\r\n                                                        <div class=\"col-md-9 col-sm-9\">\r\n\r\n                                                <div class=\"mec-event-date mec-bg-color\">\r\n                            <span class=\"mec-multiple-dates\">07 - 11<\/span>\r\n                            Oct                        <\/div>\r\n                        \r\n                                                <h4 class=\"mec-event-title\"><a class=\"mec-color-hover\"  data-event-id=\"14508\" href=\"https:\/\/www.cse.sn\/?mec-events=reunion-des-centres-dexcellence\" target=\"_self\" rel=\"noopener\">R\u00e9union des centres d\u2019excellence<\/a><span class=\"event-color\" style=\"background: #dd823b\"><\/span><\/h4>\r\n                        <div class=\"mec-event-detail\">\r\n                            lundi                         <\/div>\r\n                                                                                                                    <\/div>\r\n                    <div class=\"col-md-3 col-sm-3 btn-wrapper\"><a class=\"mec-detail-button\"  data-event-id=\"14508\" href=\"https:\/\/www.cse.sn\/?mec-events=reunion-des-centres-dexcellence\" target=\"_self\" rel=\"noopener\">D\u00c9TAIL DE L'\u00c9V\u00c9NEMENT<\/a><\/div>\r\n                            <\/article>\r\n            \t\t\r\n            \r\n                        <article class=\"mec-past-event mec-event-article  mec-clear  mec-divider-toggle mec-toggle-202410-11389\" itemscope>\r\n                                                        <div class=\"col-md-9 col-sm-9\">\r\n\r\n                                                <div class=\"mec-event-date mec-bg-color\">\r\n                            <span>21<\/span>\r\n                            Oct                        <\/div>\r\n                        <div class=\"mec-event-date mec-bg-color\">\r\n                            <span>01<\/span>\r\n                            Nov                        <\/div>\r\n                        \r\n                                                <h4 class=\"mec-event-title\"><a class=\"mec-color-hover\"  data-event-id=\"14509\" href=\"https:\/\/www.cse.sn\/?mec-events=cop-de-la-biodiversite\" target=\"_self\" rel=\"noopener\">COP de la biodiversit\u00e9<\/a><span class=\"event-color\" style=\"background: #00a0d2\"><\/span><\/h4>\r\n                        <div class=\"mec-event-detail\">\r\n                            lundi, <span class=\"mec-event-loc-place\">Cali, Colombie<\/span>                         <\/div>\r\n                                                                                                                    <\/div>\r\n                    <div class=\"col-md-3 col-sm-3 btn-wrapper\"><a class=\"mec-detail-button\"  data-event-id=\"14509\" href=\"https:\/\/www.cse.sn\/?mec-events=cop-de-la-biodiversite\" target=\"_self\" rel=\"noopener\">D\u00c9TAIL DE L'\u00c9V\u00c9NEMENT<\/a><\/div>\r\n                            <\/article>\r\n            \t\t\r\n            \r\n                        <article class=\"mec-past-event mec-event-article  mec-clear  mec-divider-toggle mec-toggle-202411-11389\" itemscope>\r\n                                                        <div class=\"col-md-9 col-sm-9\">\r\n\r\n                                                <div class=\"mec-event-date mec-bg-color\">\r\n                            <span>04<\/span>\r\n                            Nov                        <\/div>\r\n                        \r\n                                                <h4 class=\"mec-event-title\"><a class=\"mec-color-hover\"  data-event-id=\"14510\" href=\"https:\/\/www.cse.sn\/?mec-events=conference-arss-gmes-africa-ecole-dete\" target=\"_self\" rel=\"noopener\">Conf\u00e9rence ARSS\/GMES AFRICA &#8211; \u00c9cole d&#8217;\u00e9t\u00e9<\/a><span class=\"event-color\" style=\"background: #a3b745\"><\/span><\/h4>\r\n                        <div class=\"mec-event-detail\">\r\n                            lundi, <span class=\"mec-event-loc-place\">Abidjan<\/span>                         <\/div>\r\n                                                                                                                    <\/div>\r\n                    <div class=\"col-md-3 col-sm-3 btn-wrapper\"><a class=\"mec-detail-button\"  data-event-id=\"14510\" href=\"https:\/\/www.cse.sn\/?mec-events=conference-arss-gmes-africa-ecole-dete\" target=\"_self\" rel=\"noopener\">D\u00c9TAIL DE L'\u00c9V\u00c9NEMENT<\/a><\/div>\r\n                            <\/article>\r\n            \t\t\t<\/div>\r\n<\/div>\r\n\r\n    <\/div>\r\n    <div class=\"mec-skin-list-no-events-container mec-util-hidden\" id=\"mec_skin_no_events_11389\">\r\n        Aucun \u00e9v\u00e9nement trouv\u00e9 !    <\/div>\r\n        \r\n        \r\n<\/div>\t\t<\/div>\n\t\t\t\t<\/div>\n\t\t\t\t\t<\/div>\n\t\t<\/div>\n\t\t\t\t\t\t\t<\/div>\n\t\t<\/section>\n\t\t\t\t\t\t\t<\/div>\n\t\t","protected":false},"excerpt":{"rendered":"<p>10 Mai Participation du CSE au 2e forum de GMES mercredi, Hotel fleure de lys D\u00c9TAIL DE L&#8217;\u00c9V\u00c9NEMENT 10 Juin Participation du CSE au 2e forum de GMES samedi, Hotel fleure de lys D\u00c9TAIL DE L&#8217;\u00c9V\u00c9NEMENT 10 Juil Participation du CSE au 2e forum de GMES lundi, Hotel fleure de lys D\u00c9TAIL DE L&#8217;\u00c9V\u00c9NEMENT 10 [&hellip;]<\/p>\n","protected":false},"author":1,"featured_media":0,"parent":0,"menu_order":0,"comment_status":"closed","ping_status":"closed","template":"","meta":{"inline_featured_image":false,"cybocfi_hide_featured_image":"","footnotes":""},"class_list":["post-11378","page","type-page","status-publish","hentry"],"yoast_head":"<!-- This site is optimized with the Yoast SEO plugin v27.3 - https:\/\/yoast.com\/product\/yoast-seo-wordpress\/ -->\n<title>Agenda - Centre de Suivi \u00c9cologique<\/title>\n<meta name=\"robots\" content=\"index, follow, max-snippet:-1, max-image-preview:large, max-video-preview:-1\" \/>\n<link rel=\"canonical\" href=\"https:\/\/www.cse.sn\/?page_id=11378\" \/>\n<meta property=\"og:locale\" content=\"fr_FR\" \/>\n<meta property=\"og:type\" content=\"article\" \/>\n<meta property=\"og:title\" content=\"Agenda - Centre de Suivi \u00c9cologique\" \/>\n<meta property=\"og:description\" content=\"10 Mai Participation du CSE au 2e forum de GMES mercredi, Hotel fleure de lys D\u00c9TAIL DE L&#8217;\u00c9V\u00c9NEMENT 10 Juin Participation du CSE au 2e forum de GMES samedi, Hotel fleure de lys D\u00c9TAIL DE L&#8217;\u00c9V\u00c9NEMENT 10 Juil Participation du CSE au 2e forum de GMES lundi, Hotel fleure de lys D\u00c9TAIL DE L&#8217;\u00c9V\u00c9NEMENT 10 [&hellip;]\" \/>\n<meta property=\"og:url\" content=\"https:\/\/www.cse.sn\/?page_id=11378\" \/>\n<meta property=\"og:site_name\" content=\"Centre de Suivi \u00c9cologique\" \/>\n<meta property=\"article:modified_time\" content=\"2023-04-17T23:22:51+00:00\" \/>\n<meta name=\"twitter:card\" content=\"summary_large_image\" \/>\n<meta name=\"twitter:label1\" content=\"Dur\u00e9e de lecture estim\u00e9e\" \/>\n\t<meta name=\"twitter:data1\" content=\"1 minute\" \/>\n<script type=\"application\/ld+json\" class=\"yoast-schema-graph\">{\"@context\":\"https:\\\/\\\/schema.org\",\"@graph\":[{\"@type\":\"WebPage\",\"@id\":\"https:\\\/\\\/www.cse.sn\\\/?page_id=11378\",\"url\":\"https:\\\/\\\/www.cse.sn\\\/?page_id=11378\",\"name\":\"Agenda - Centre de Suivi \u00c9cologique\",\"isPartOf\":{\"@id\":\"https:\\\/\\\/www.cse.sn\\\/#website\"},\"datePublished\":\"2023-04-17T23:15:27+00:00\",\"dateModified\":\"2023-04-17T23:22:51+00:00\",\"inLanguage\":\"fr-FR\",\"potentialAction\":[{\"@type\":\"ReadAction\",\"target\":[\"https:\\\/\\\/www.cse.sn\\\/?page_id=11378\"]}]},{\"@type\":\"WebSite\",\"@id\":\"https:\\\/\\\/www.cse.sn\\\/#website\",\"url\":\"https:\\\/\\\/www.cse.sn\\\/\",\"name\":\"Centre de Suivi \u00c9cologique\",\"description\":\"\",\"publisher\":{\"@id\":\"https:\\\/\\\/www.cse.sn\\\/#organization\"},\"potentialAction\":[{\"@type\":\"SearchAction\",\"target\":{\"@type\":\"EntryPoint\",\"urlTemplate\":\"https:\\\/\\\/www.cse.sn\\\/?s={search_term_string}\"},\"query-input\":{\"@type\":\"PropertyValueSpecification\",\"valueRequired\":true,\"valueName\":\"search_term_string\"}}],\"inLanguage\":\"fr-FR\"},{\"@type\":\"Organization\",\"@id\":\"https:\\\/\\\/www.cse.sn\\\/#organization\",\"name\":\"Centre de Suivi \u00c9cologique\",\"url\":\"https:\\\/\\\/www.cse.sn\\\/\",\"logo\":{\"@type\":\"ImageObject\",\"inLanguage\":\"fr-FR\",\"@id\":\"https:\\\/\\\/www.cse.sn\\\/#\\\/schema\\\/logo\\\/image\\\/\",\"url\":\"https:\\\/\\\/www.cse.sn\\\/wp-content\\\/uploads\\\/2023\\\/03\\\/logo-cse-siteweb.png\",\"contentUrl\":\"https:\\\/\\\/www.cse.sn\\\/wp-content\\\/uploads\\\/2023\\\/03\\\/logo-cse-siteweb.png\",\"width\":234,\"height\":90,\"caption\":\"Centre de Suivi \u00c9cologique\"},\"image\":{\"@id\":\"https:\\\/\\\/www.cse.sn\\\/#\\\/schema\\\/logo\\\/image\\\/\"}}]}<\/script>\n<!-- \/ Yoast SEO plugin. -->","yoast_head_json":{"title":"Agenda - Centre de Suivi \u00c9cologique","robots":{"index":"index","follow":"follow","max-snippet":"max-snippet:-1","max-image-preview":"max-image-preview:large","max-video-preview":"max-video-preview:-1"},"canonical":"https:\/\/www.cse.sn\/?page_id=11378","og_locale":"fr_FR","og_type":"article","og_title":"Agenda - Centre de Suivi \u00c9cologique","og_description":"10 Mai Participation du CSE au 2e forum de GMES mercredi, Hotel fleure de lys D\u00c9TAIL DE L&#8217;\u00c9V\u00c9NEMENT 10 Juin Participation du CSE au 2e forum de GMES samedi, Hotel fleure de lys D\u00c9TAIL DE L&#8217;\u00c9V\u00c9NEMENT 10 Juil Participation du CSE au 2e forum de GMES lundi, Hotel fleure de lys D\u00c9TAIL DE L&#8217;\u00c9V\u00c9NEMENT 10 [&hellip;]","og_url":"https:\/\/www.cse.sn\/?page_id=11378","og_site_name":"Centre de Suivi \u00c9cologique","article_modified_time":"2023-04-17T23:22:51+00:00","twitter_card":"summary_large_image","twitter_misc":{"Dur\u00e9e de lecture estim\u00e9e":"1 minute"},"schema":{"@context":"https:\/\/schema.org","@graph":[{"@type":"WebPage","@id":"https:\/\/www.cse.sn\/?page_id=11378","url":"https:\/\/www.cse.sn\/?page_id=11378","name":"Agenda - Centre de Suivi \u00c9cologique","isPartOf":{"@id":"https:\/\/www.cse.sn\/#website"},"datePublished":"2023-04-17T23:15:27+00:00","dateModified":"2023-04-17T23:22:51+00:00","inLanguage":"fr-FR","potentialAction":[{"@type":"ReadAction","target":["https:\/\/www.cse.sn\/?page_id=11378"]}]},{"@type":"WebSite","@id":"https:\/\/www.cse.sn\/#website","url":"https:\/\/www.cse.sn\/","name":"Centre de Suivi \u00c9cologique","description":"","publisher":{"@id":"https:\/\/www.cse.sn\/#organization"},"potentialAction":[{"@type":"SearchAction","target":{"@type":"EntryPoint","urlTemplate":"https:\/\/www.cse.sn\/?s={search_term_string}"},"query-input":{"@type":"PropertyValueSpecification","valueRequired":true,"valueName":"search_term_string"}}],"inLanguage":"fr-FR"},{"@type":"Organization","@id":"https:\/\/www.cse.sn\/#organization","name":"Centre de Suivi \u00c9cologique","url":"https:\/\/www.cse.sn\/","logo":{"@type":"ImageObject","inLanguage":"fr-FR","@id":"https:\/\/www.cse.sn\/#\/schema\/logo\/image\/","url":"https:\/\/www.cse.sn\/wp-content\/uploads\/2023\/03\/logo-cse-siteweb.png","contentUrl":"https:\/\/www.cse.sn\/wp-content\/uploads\/2023\/03\/logo-cse-siteweb.png","width":234,"height":90,"caption":"Centre de Suivi \u00c9cologique"},"image":{"@id":"https:\/\/www.cse.sn\/#\/schema\/logo\/image\/"}}]}},"_links":{"self":[{"href":"https:\/\/www.cse.sn\/index.php?rest_route=\/wp\/v2\/pages\/11378","targetHints":{"allow":["GET"]}}],"collection":[{"href":"https:\/\/www.cse.sn\/index.php?rest_route=\/wp\/v2\/pages"}],"about":[{"href":"https:\/\/www.cse.sn\/index.php?rest_route=\/wp\/v2\/types\/page"}],"author":[{"embeddable":true,"href":"https:\/\/www.cse.sn\/index.php?rest_route=\/wp\/v2\/users\/1"}],"replies":[{"embeddable":true,"href":"https:\/\/www.cse.sn\/index.php?rest_route=%2Fwp%2Fv2%2Fcomments&post=11378"}],"version-history":[{"count":13,"href":"https:\/\/www.cse.sn\/index.php?rest_route=\/wp\/v2\/pages\/11378\/revisions"}],"predecessor-version":[{"id":11393,"href":"https:\/\/www.cse.sn\/index.php?rest_route=\/wp\/v2\/pages\/11378\/revisions\/11393"}],"wp:attachment":[{"href":"https:\/\/www.cse.sn\/index.php?rest_route=%2Fwp%2Fv2%2Fmedia&parent=11378"}],"curies":[{"name":"wp","href":"https:\/\/api.w.org\/{rel}","templated":true}]}}