{"id":11397,"date":"2023-04-18T01:30:37","date_gmt":"2023-04-17T23:30:37","guid":{"rendered":"https:\/\/www.cse.sn\/?page_id=11397"},"modified":"2023-04-18T01:34:55","modified_gmt":"2023-04-17T23:34:55","slug":"cse-dans-les-medias","status":"publish","type":"page","link":"https:\/\/www.cse.sn\/?page_id=11397","title":{"rendered":"CSE dans les m\u00e9dias"},"content":{"rendered":"\t\t<div data-elementor-type=\"wp-page\" data-elementor-id=\"11397\" class=\"elementor elementor-11397\" data-elementor-post-type=\"page\">\n\t\t\t\t\t\t\t\t\t<section data-particle_enable=\"false\" data-particle-mobile-disabled=\"false\" class=\"elementor-section elementor-top-section elementor-element elementor-element-5aa060a elementor-section-boxed elementor-section-height-default elementor-section-height-default\" data-id=\"5aa060a\" data-element_type=\"section\">\n\t\t\t\t\t\t<div class=\"elementor-container elementor-column-gap-default\">\n\t\t\t\t\t<div class=\"elementor-column elementor-col-100 elementor-top-column elementor-element elementor-element-55823bc\" data-id=\"55823bc\" data-element_type=\"column\">\n\t\t\t<div class=\"elementor-widget-wrap elementor-element-populated\">\n\t\t\t\t\t\t\t\t<div class=\"elementor-element elementor-element-8e65cf0 elementor-grid-eael-col-3 elementor-grid-tablet-eael-col-2 elementor-grid-mobile-eael-col-1 elementor-widget elementor-widget-eael-post-grid\" data-id=\"8e65cf0\" data-element_type=\"widget\" data-settings=\"{&quot;eael_post_grid_columns&quot;:&quot;eael-col-3&quot;,&quot;eael_post_grid_columns_tablet&quot;:&quot;eael-col-2&quot;,&quot;eael_post_grid_columns_mobile&quot;:&quot;eael-col-1&quot;}\" data-widget_type=\"eael-post-grid.default\">\n\t\t\t\t<div class=\"elementor-widget-container\">\n\t\t\t<div id=\"eael-post-grid-8e65cf0\" class=\"eael-post-grid-container\">\n            <div class=\"eael-post-grid eael-post-appender eael-post-appender-8e65cf0 eael-post-grid-style-default\" data-layout-mode=\"grid\"><article class=\"eael-grid-post eael-post-grid-column\" data-id=\"14548\">\n        <div class=\"eael-grid-post-holder\">\n            <div class=\"eael-grid-post-holder-inner\"><div class=\"eael-entry-media\"><div class=\"eael-entry-overlay fade-in\"><i class=\"fas fa-long-arrow-alt-right\" aria-hidden=\"true\"><\/i><a href=\"https:\/\/www.cse.sn\/?p=14548\"><\/a><\/div><div class=\"eael-entry-thumbnail \">\n                <img loading=\"lazy\" decoding=\"async\" width=\"300\" height=\"169\" src=\"https:\/\/www.cse.sn\/wp-content\/uploads\/2024\/10\/cheikh-mbow-matinale-.salam-senegal-300x169.jpg\" class=\"attachment-medium size-medium wp-image-14549\" alt=\"\" srcset=\"https:\/\/www.cse.sn\/wp-content\/uploads\/2024\/10\/cheikh-mbow-matinale-.salam-senegal-300x169.jpg 300w, https:\/\/www.cse.sn\/wp-content\/uploads\/2024\/10\/cheikh-mbow-matinale-.salam-senegal-768x432.jpg 768w, https:\/\/www.cse.sn\/wp-content\/uploads\/2024\/10\/cheikh-mbow-matinale-.salam-senegal.jpg 1000w\" sizes=\"auto, (max-width: 300px) 100vw, 300px\" \/>\n            <\/div>\n        <\/div><div class=\"eael-entry-wrapper\"><header class=\"eael-entry-header\"><h2 class=\"eael-entry-title\"><a\n                        class=\"eael-grid-post-link\"\n                        href=\"https:\/\/www.cse.sn\/?p=14548\"\n                        title=\"Crues du fleuve S\u00e9n\u00e9gal | \u00ab L\u2019alerte pr\u00e9coce aurait du \u00eatre suivie d\u2019actions imm\u00c9diates \u00bb, Cheikh MBOW &#8211; Directeur du Centre de Suivi \u00c9cologique\">Crues du fleuve S\u00e9n\u00e9gal | \u00ab L\u2019alerte pr\u00e9coce aurait du \u00eatre suivie d\u2019actions imm\u00c9diates \u00bb, Cheikh MBOW &#8211; Directeur du Centre de Suivi \u00c9cologique<\/a><\/h2><\/header><div class=\"eael-entry-content\">\n                        <div class=\"eael-grid-post-excerpt\"><a\n                            href=\"https:\/\/www.cse.sn\/?p=14548\"\n                            class=\"eael-post-elements-readmore-btn\">Lire la suite...<\/a><\/div>\n                    <\/div><div class=\"eael-entry-footer\"><div class=\"eael-entry-meta\"><span class=\"eael-posted-on\"><time datetime=\"18 octobre 2024\">18 octobre 2024<\/time><\/span><\/div><\/div><\/div><\/div>\n        <\/div>\n    <\/article><article class=\"eael-grid-post eael-post-grid-column\" data-id=\"12238\">\n        <div class=\"eael-grid-post-holder\">\n            <div class=\"eael-grid-post-holder-inner\"><div class=\"eael-entry-wrapper\"><header class=\"eael-entry-header\"><h2 class=\"eael-entry-title\"><a\n                        class=\"eael-grid-post-link\"\n                        href=\"https:\/\/www.cse.sn\/?p=12238\"\n                        title=\"CSE \u2013 Lutte contre les effets des changements climatiques : Les acteurs accordent leurs violons pour trouver des solutions\">CSE \u2013 Lutte contre les effets des changements climatiques : Les acteurs accordent leurs violons pour trouver des solutions<\/a><\/h2><\/header><div class=\"eael-entry-content\">\n                        <div class=\"eael-grid-post-excerpt\"><a\n                            href=\"https:\/\/www.cse.sn\/?p=12238\"\n                            class=\"eael-post-elements-readmore-btn\">Lire la suite...<\/a><\/div>\n                    <\/div><div class=\"eael-entry-footer\"><div class=\"eael-entry-meta\"><span class=\"eael-posted-on\"><time datetime=\"16 octobre 2023\">16 octobre 2023<\/time><\/span><\/div><\/div><\/div><\/div>\n        <\/div>\n    <\/article><article class=\"eael-grid-post eael-post-grid-column\" data-id=\"12227\">\n        <div class=\"eael-grid-post-holder\">\n            <div class=\"eael-grid-post-holder-inner\"><div class=\"eael-entry-wrapper\"><header class=\"eael-entry-header\"><h2 class=\"eael-entry-title\"><a\n                        class=\"eael-grid-post-link\"\n                        href=\"https:\/\/www.cse.sn\/?p=12227\"\n                        title=\"Le Programme GMES : Sources de donn\u00e9es, de motivation et d\u2019inspiration pour les scientifiques africains\">Le Programme GMES : Sources de donn\u00e9es, de motivation et d\u2019inspiration pour les scientifiques africains<\/a><\/h2><\/header><div class=\"eael-entry-content\">\n                        <div class=\"eael-grid-post-excerpt\"><a\n                            href=\"https:\/\/www.cse.sn\/?p=12227\"\n                            class=\"eael-post-elements-readmore-btn\">Lire la suite...<\/a><\/div>\n                    <\/div><div class=\"eael-entry-footer\"><div class=\"eael-entry-meta\"><span class=\"eael-posted-on\"><time datetime=\"4 octobre 2023\">4 octobre 2023<\/time><\/span><\/div><\/div><\/div><\/div>\n        <\/div>\n    <\/article><article class=\"eael-grid-post eael-post-grid-column\" data-id=\"11374\">\n        <div class=\"eael-grid-post-holder\">\n            <div class=\"eael-grid-post-holder-inner\"><div class=\"eael-entry-wrapper\"><header class=\"eael-entry-header\"><h2 class=\"eael-entry-title\"><a\n                        class=\"eael-grid-post-link\"\n                        href=\"https:\/\/www.cse.sn\/?p=11374\"\n                        title=\"Retour sur: Le CSE c\u00e9l\u00e8bre la Journ\u00e9e Internationale de la Femme\">Retour sur: Le CSE c\u00e9l\u00e8bre la Journ\u00e9e Internationale de la Femme<\/a><\/h2><\/header><div class=\"eael-entry-content\">\n                        <div class=\"eael-grid-post-excerpt\"><a\n                            href=\"https:\/\/www.cse.sn\/?p=11374\"\n                            class=\"eael-post-elements-readmore-btn\">Lire la suite...<\/a><\/div>\n                    <\/div><div class=\"eael-entry-footer\"><div class=\"eael-entry-meta\"><span class=\"eael-posted-on\"><time datetime=\"18 avril 2023\">18 avril 2023<\/time><\/span><\/div><\/div><\/div><\/div>\n        <\/div>\n    <\/article><article class=\"eael-grid-post eael-post-grid-column\" data-id=\"11370\">\n        <div class=\"eael-grid-post-holder\">\n            <div class=\"eael-grid-post-holder-inner\"><div class=\"eael-entry-wrapper\"><header class=\"eael-entry-header\"><h2 class=\"eael-entry-title\"><a\n                        class=\"eael-grid-post-link\"\n                        href=\"https:\/\/www.cse.sn\/?p=11370\"\n                        title=\"S\u00e9curit\u00e9 alimentaire et nutrition : une plateforme pour suivre un ensemble d\u2019indicateurs sur les d\u00e9penses publiques en soutien \u00e0 la S\u00e9curit\u00e9 Alimentaire\">S\u00e9curit\u00e9 alimentaire et nutrition : une plateforme pour suivre un ensemble d\u2019indicateurs sur les d\u00e9penses publiques en soutien \u00e0 la S\u00e9curit\u00e9 Alimentaire<\/a><\/h2><\/header><div class=\"eael-entry-content\">\n                        <div class=\"eael-grid-post-excerpt\"><a\n                            href=\"https:\/\/www.cse.sn\/?p=11370\"\n                            class=\"eael-post-elements-readmore-btn\">Lire la suite...<\/a><\/div>\n                    <\/div><div class=\"eael-entry-footer\"><div class=\"eael-entry-meta\"><span class=\"eael-posted-on\"><time datetime=\"18 avril 2023\">18 avril 2023<\/time><\/span><\/div><\/div><\/div><\/div>\n        <\/div>\n    <\/article><article class=\"eael-grid-post eael-post-grid-column\" data-id=\"11368\">\n        <div class=\"eael-grid-post-holder\">\n            <div class=\"eael-grid-post-holder-inner\"><div class=\"eael-entry-wrapper\"><header class=\"eael-entry-header\"><h2 class=\"eael-entry-title\"><a\n                        class=\"eael-grid-post-link\"\n                        href=\"https:\/\/www.cse.sn\/?p=11368\"\n                        title=\"8 mars : le CSE ouvre ses portes pour c\u00e9l\u00e9brer la femme\u2026\">8 mars : le CSE ouvre ses portes pour c\u00e9l\u00e9brer la femme\u2026<\/a><\/h2><\/header><div class=\"eael-entry-content\">\n                        <div class=\"eael-grid-post-excerpt\"><a\n                            href=\"https:\/\/www.cse.sn\/?p=11368\"\n                            class=\"eael-post-elements-readmore-btn\">Lire la suite...<\/a><\/div>\n                    <\/div><div class=\"eael-entry-footer\"><div class=\"eael-entry-meta\"><span class=\"eael-posted-on\"><time datetime=\"18 avril 2023\">18 avril 2023<\/time><\/span><\/div><\/div><\/div><\/div>\n        <\/div>\n    <\/article><article class=\"eael-grid-post eael-post-grid-column\" data-id=\"11366\">\n        <div class=\"eael-grid-post-holder\">\n            <div class=\"eael-grid-post-holder-inner\"><div class=\"eael-entry-wrapper\"><header class=\"eael-entry-header\"><h2 class=\"eael-entry-title\"><a\n                        class=\"eael-grid-post-link\"\n                        href=\"https:\/\/www.cse.sn\/?p=11366\"\n                        title=\"LES ETATS OUEST AFRICAINS CHERCHENT A DISPOSER DE STATISTIQUES\">LES ETATS OUEST AFRICAINS CHERCHENT A DISPOSER DE STATISTIQUES<\/a><\/h2><\/header><div class=\"eael-entry-content\">\n                        <div class=\"eael-grid-post-excerpt\"><a\n                            href=\"https:\/\/www.cse.sn\/?p=11366\"\n                            class=\"eael-post-elements-readmore-btn\">Lire la suite...<\/a><\/div>\n                    <\/div><div class=\"eael-entry-footer\"><div class=\"eael-entry-meta\"><span class=\"eael-posted-on\"><time datetime=\"18 avril 2023\">18 avril 2023<\/time><\/span><\/div><\/div><\/div><\/div>\n        <\/div>\n    <\/article><article class=\"eael-grid-post eael-post-grid-column\" data-id=\"11364\">\n        <div class=\"eael-grid-post-holder\">\n            <div class=\"eael-grid-post-holder-inner\"><div class=\"eael-entry-wrapper\"><header class=\"eael-entry-header\"><h2 class=\"eael-entry-title\"><a\n                        class=\"eael-grid-post-link\"\n                        href=\"https:\/\/www.cse.sn\/?p=11364\"\n                        title=\"S\u00e9n\u00e9gal : Le lac Rose est pass\u00e9e de 15 km2 \u00e0 environ 4,2 km2\">S\u00e9n\u00e9gal : Le lac Rose est pass\u00e9e de 15 km2 \u00e0 environ 4,2 km2<\/a><\/h2><\/header><div class=\"eael-entry-content\">\n                        <div class=\"eael-grid-post-excerpt\"><a\n                            href=\"https:\/\/www.cse.sn\/?p=11364\"\n                            class=\"eael-post-elements-readmore-btn\">Lire la suite...<\/a><\/div>\n                    <\/div><div class=\"eael-entry-footer\"><div class=\"eael-entry-meta\"><span class=\"eael-posted-on\"><time datetime=\"18 avril 2023\">18 avril 2023<\/time><\/span><\/div><\/div><\/div><\/div>\n        <\/div>\n    <\/article><article class=\"eael-grid-post eael-post-grid-column\" data-id=\"11359\">\n        <div class=\"eael-grid-post-holder\">\n            <div class=\"eael-grid-post-holder-inner\"><div class=\"eael-entry-wrapper\"><header class=\"eael-entry-header\"><h2 class=\"eael-entry-title\"><a\n                        class=\"eael-grid-post-link\"\n                        href=\"https:\/\/www.cse.sn\/?p=11359\"\n                        title=\"Le directeur g\u00e9n\u00e9ral du CSE pr\u00e9conise un plan de pr\u00e9servation des fonctions \u00e9cologiques et socio-\u00e9conomiques du Lac Rose\">Le directeur g\u00e9n\u00e9ral du CSE pr\u00e9conise un plan de pr\u00e9servation des fonctions \u00e9cologiques et socio-\u00e9conomiques du Lac Rose<\/a><\/h2><\/header><div class=\"eael-entry-content\">\n                        <div class=\"eael-grid-post-excerpt\"><a\n                            href=\"https:\/\/www.cse.sn\/?p=11359\"\n                            class=\"eael-post-elements-readmore-btn\">Lire la suite...<\/a><\/div>\n                    <\/div><div class=\"eael-entry-footer\"><div class=\"eael-entry-meta\"><span class=\"eael-posted-on\"><time datetime=\"18 avril 2023\">18 avril 2023<\/time><\/span><\/div><\/div><\/div><\/div>\n        <\/div>\n    <\/article><article class=\"eael-grid-post eael-post-grid-column\" data-id=\"9367\">\n        <div class=\"eael-grid-post-holder\">\n            <div class=\"eael-grid-post-holder-inner\"><div class=\"eael-entry-wrapper\"><header class=\"eael-entry-header\"><h2 class=\"eael-entry-title\"><a\n                        class=\"eael-grid-post-link\"\n                        href=\"https:\/\/www.cse.sn\/?p=9367\"\n                        title=\"Utilisation durable des sols: L\u2019atlas du CilSS remis \u00e0 une douzaine d\u2019institutions\">Utilisation durable des sols: L\u2019atlas du CilSS remis \u00e0 une douzaine d\u2019institutions<\/a><\/h2><\/header><div class=\"eael-entry-content\">\n                        <div class=\"eael-grid-post-excerpt\"><a\n                            href=\"https:\/\/www.cse.sn\/?p=9367\"\n                            class=\"eael-post-elements-readmore-btn\">Lire la suite...<\/a><\/div>\n                    <\/div><div class=\"eael-entry-footer\"><div class=\"eael-entry-meta\"><span class=\"eael-posted-on\"><time datetime=\"16 mars 2023\">16 mars 2023<\/time><\/span><\/div><\/div><\/div><\/div>\n        <\/div>\n    <\/article><article class=\"eael-grid-post eael-post-grid-column\" data-id=\"9365\">\n        <div class=\"eael-grid-post-holder\">\n            <div class=\"eael-grid-post-holder-inner\"><div class=\"eael-entry-wrapper\"><header class=\"eael-entry-header\"><h2 class=\"eael-entry-title\"><a\n                        class=\"eael-grid-post-link\"\n                        href=\"https:\/\/www.cse.sn\/?p=9365\"\n                        title=\"D\u00e9gradation des for\u00eat au S\u00e9n\u00e9gal : Le CSE sonne l\u2019alerte\">D\u00e9gradation des for\u00eat au S\u00e9n\u00e9gal : Le CSE sonne l\u2019alerte<\/a><\/h2><\/header><div class=\"eael-entry-content\">\n                        <div class=\"eael-grid-post-excerpt\"><a\n                            href=\"https:\/\/www.cse.sn\/?p=9365\"\n                            class=\"eael-post-elements-readmore-btn\">Lire la suite...<\/a><\/div>\n                    <\/div><div class=\"eael-entry-footer\"><div class=\"eael-entry-meta\"><span class=\"eael-posted-on\"><time datetime=\"16 mars 2023\">16 mars 2023<\/time><\/span><\/div><\/div><\/div><\/div>\n        <\/div>\n    <\/article><article class=\"eael-grid-post eael-post-grid-column\" data-id=\"9363\">\n        <div class=\"eael-grid-post-holder\">\n            <div class=\"eael-grid-post-holder-inner\"><div class=\"eael-entry-wrapper\"><header class=\"eael-entry-header\"><h2 class=\"eael-entry-title\"><a\n                        class=\"eael-grid-post-link\"\n                        href=\"https:\/\/www.cse.sn\/?p=9363\"\n                        title=\"L\u2019apport de la recherche dans le d\u00e9veloppement du pastoralisme mis en exergue\">L\u2019apport de la recherche dans le d\u00e9veloppement du pastoralisme mis en exergue<\/a><\/h2><\/header><div class=\"eael-entry-content\">\n                        <div class=\"eael-grid-post-excerpt\"><a\n                            href=\"https:\/\/www.cse.sn\/?p=9363\"\n                            class=\"eael-post-elements-readmore-btn\">Lire la suite...<\/a><\/div>\n                    <\/div><div class=\"eael-entry-footer\"><div class=\"eael-entry-meta\"><span class=\"eael-posted-on\"><time datetime=\"16 mars 2023\">16 mars 2023<\/time><\/span><\/div><\/div><\/div><\/div>\n        <\/div>\n    <\/article><article class=\"eael-grid-post eael-post-grid-column\" data-id=\"9361\">\n        <div class=\"eael-grid-post-holder\">\n            <div class=\"eael-grid-post-holder-inner\"><div class=\"eael-entry-wrapper\"><header class=\"eael-entry-header\"><h2 class=\"eael-entry-title\"><a\n                        class=\"eael-grid-post-link\"\n                        href=\"https:\/\/www.cse.sn\/?p=9361\"\n                        title=\"La FAO, l\u2019ANACIM et le CSE mutualisent leurs interventions\">La FAO, l\u2019ANACIM et le CSE mutualisent leurs interventions<\/a><\/h2><\/header><div class=\"eael-entry-content\">\n                        <div class=\"eael-grid-post-excerpt\"><a\n                            href=\"https:\/\/www.cse.sn\/?p=9361\"\n                            class=\"eael-post-elements-readmore-btn\">Lire la suite...<\/a><\/div>\n                    <\/div><div class=\"eael-entry-footer\"><div class=\"eael-entry-meta\"><span class=\"eael-posted-on\"><time datetime=\"16 mars 2023\">16 mars 2023<\/time><\/span><\/div><\/div><\/div><\/div>\n        <\/div>\n    <\/article><\/div>\n            <div class=\"clearfix\"><\/div>\n        <\/div>\t\t<\/div>\n\t\t\t\t<\/div>\n\t\t\t\t\t<\/div>\n\t\t<\/div>\n\t\t\t\t\t\t\t<\/div>\n\t\t<\/section>\n\t\t\t\t\t\t\t<\/div>\n\t\t","protected":false},"excerpt":{"rendered":"<p>Retour sur: Le CSE c\u00e9l\u00e8bre la Journ\u00e9e Internationale de la Femme Lire la suite&#8230; 18 avril 2023 S\u00e9curit\u00e9 alimentaire et nutrition : une plateforme pour suivre un ensemble d\u2019indicateurs sur les d\u00e9penses publiques en soutien \u00e0 la S\u00e9curit\u00e9 Alimentaire Lire la suite&#8230; 18 avril 2023 8 mars : le CSE ouvre ses portes pour c\u00e9l\u00e9brer [&hellip;]<\/p>\n","protected":false},"author":1,"featured_media":0,"parent":0,"menu_order":0,"comment_status":"closed","ping_status":"closed","template":"","meta":{"inline_featured_image":false,"cybocfi_hide_featured_image":"","footnotes":""},"class_list":["post-11397","page","type-page","status-publish","hentry"],"yoast_head":"<!-- This site is optimized with the Yoast SEO plugin v27.5 - https:\/\/yoast.com\/product\/yoast-seo-wordpress\/ -->\n<title>CSE dans les m\u00e9dias - Centre de Suivi \u00c9cologique<\/title>\n<meta name=\"robots\" content=\"index, follow, max-snippet:-1, max-image-preview:large, max-video-preview:-1\" \/>\n<link rel=\"canonical\" href=\"https:\/\/www.cse.sn\/?page_id=11397\" \/>\n<meta property=\"og:locale\" content=\"fr_FR\" \/>\n<meta property=\"og:type\" content=\"article\" \/>\n<meta property=\"og:title\" content=\"CSE dans les m\u00e9dias - Centre de Suivi \u00c9cologique\" \/>\n<meta property=\"og:description\" content=\"Retour sur: Le CSE c\u00e9l\u00e8bre la Journ\u00e9e Internationale de la Femme Lire la suite&#8230; 18 avril 2023 S\u00e9curit\u00e9 alimentaire et nutrition : une plateforme pour suivre un ensemble d\u2019indicateurs sur les d\u00e9penses publiques en soutien \u00e0 la S\u00e9curit\u00e9 Alimentaire Lire la suite&#8230; 18 avril 2023 8 mars : le CSE ouvre ses portes pour c\u00e9l\u00e9brer [&hellip;]\" \/>\n<meta property=\"og:url\" content=\"https:\/\/www.cse.sn\/?page_id=11397\" \/>\n<meta property=\"og:site_name\" content=\"Centre de Suivi \u00c9cologique\" \/>\n<meta property=\"article:modified_time\" content=\"2023-04-17T23:34:55+00:00\" \/>\n<meta name=\"twitter:card\" content=\"summary_large_image\" \/>\n<meta name=\"twitter:label1\" content=\"Dur\u00e9e de lecture estim\u00e9e\" \/>\n\t<meta name=\"twitter:data1\" content=\"1 minute\" \/>\n<script type=\"application\/ld+json\" class=\"yoast-schema-graph\">{\"@context\":\"https:\\\/\\\/schema.org\",\"@graph\":[{\"@type\":\"WebPage\",\"@id\":\"https:\\\/\\\/www.cse.sn\\\/?page_id=11397\",\"url\":\"https:\\\/\\\/www.cse.sn\\\/?page_id=11397\",\"name\":\"CSE dans les m\u00e9dias - Centre de Suivi \u00c9cologique\",\"isPartOf\":{\"@id\":\"https:\\\/\\\/www.cse.sn\\\/#website\"},\"datePublished\":\"2023-04-17T23:30:37+00:00\",\"dateModified\":\"2023-04-17T23:34:55+00:00\",\"inLanguage\":\"fr-FR\",\"potentialAction\":[{\"@type\":\"ReadAction\",\"target\":[\"https:\\\/\\\/www.cse.sn\\\/?page_id=11397\"]}]},{\"@type\":\"WebSite\",\"@id\":\"https:\\\/\\\/www.cse.sn\\\/#website\",\"url\":\"https:\\\/\\\/www.cse.sn\\\/\",\"name\":\"Centre de Suivi \u00c9cologique\",\"description\":\"\",\"publisher\":{\"@id\":\"https:\\\/\\\/www.cse.sn\\\/#organization\"},\"potentialAction\":[{\"@type\":\"SearchAction\",\"target\":{\"@type\":\"EntryPoint\",\"urlTemplate\":\"https:\\\/\\\/www.cse.sn\\\/?s={search_term_string}\"},\"query-input\":{\"@type\":\"PropertyValueSpecification\",\"valueRequired\":true,\"valueName\":\"search_term_string\"}}],\"inLanguage\":\"fr-FR\"},{\"@type\":\"Organization\",\"@id\":\"https:\\\/\\\/www.cse.sn\\\/#organization\",\"name\":\"Centre de Suivi \u00c9cologique\",\"url\":\"https:\\\/\\\/www.cse.sn\\\/\",\"logo\":{\"@type\":\"ImageObject\",\"inLanguage\":\"fr-FR\",\"@id\":\"https:\\\/\\\/www.cse.sn\\\/#\\\/schema\\\/logo\\\/image\\\/\",\"url\":\"https:\\\/\\\/www.cse.sn\\\/wp-content\\\/uploads\\\/2023\\\/03\\\/logo-cse-siteweb.png\",\"contentUrl\":\"https:\\\/\\\/www.cse.sn\\\/wp-content\\\/uploads\\\/2023\\\/03\\\/logo-cse-siteweb.png\",\"width\":234,\"height\":90,\"caption\":\"Centre de Suivi \u00c9cologique\"},\"image\":{\"@id\":\"https:\\\/\\\/www.cse.sn\\\/#\\\/schema\\\/logo\\\/image\\\/\"}}]}<\/script>\n<!-- \/ Yoast SEO plugin. -->","yoast_head_json":{"title":"CSE dans les m\u00e9dias - Centre de Suivi \u00c9cologique","robots":{"index":"index","follow":"follow","max-snippet":"max-snippet:-1","max-image-preview":"max-image-preview:large","max-video-preview":"max-video-preview:-1"},"canonical":"https:\/\/www.cse.sn\/?page_id=11397","og_locale":"fr_FR","og_type":"article","og_title":"CSE dans les m\u00e9dias - Centre de Suivi \u00c9cologique","og_description":"Retour sur: Le CSE c\u00e9l\u00e8bre la Journ\u00e9e Internationale de la Femme Lire la suite&#8230; 18 avril 2023 S\u00e9curit\u00e9 alimentaire et nutrition : une plateforme pour suivre un ensemble d\u2019indicateurs sur les d\u00e9penses publiques en soutien \u00e0 la S\u00e9curit\u00e9 Alimentaire Lire la suite&#8230; 18 avril 2023 8 mars : le CSE ouvre ses portes pour c\u00e9l\u00e9brer [&hellip;]","og_url":"https:\/\/www.cse.sn\/?page_id=11397","og_site_name":"Centre de Suivi \u00c9cologique","article_modified_time":"2023-04-17T23:34:55+00:00","twitter_card":"summary_large_image","twitter_misc":{"Dur\u00e9e de lecture estim\u00e9e":"1 minute"},"schema":{"@context":"https:\/\/schema.org","@graph":[{"@type":"WebPage","@id":"https:\/\/www.cse.sn\/?page_id=11397","url":"https:\/\/www.cse.sn\/?page_id=11397","name":"CSE dans les m\u00e9dias - Centre de Suivi \u00c9cologique","isPartOf":{"@id":"https:\/\/www.cse.sn\/#website"},"datePublished":"2023-04-17T23:30:37+00:00","dateModified":"2023-04-17T23:34:55+00:00","inLanguage":"fr-FR","potentialAction":[{"@type":"ReadAction","target":["https:\/\/www.cse.sn\/?page_id=11397"]}]},{"@type":"WebSite","@id":"https:\/\/www.cse.sn\/#website","url":"https:\/\/www.cse.sn\/","name":"Centre de Suivi \u00c9cologique","description":"","publisher":{"@id":"https:\/\/www.cse.sn\/#organization"},"potentialAction":[{"@type":"SearchAction","target":{"@type":"EntryPoint","urlTemplate":"https:\/\/www.cse.sn\/?s={search_term_string}"},"query-input":{"@type":"PropertyValueSpecification","valueRequired":true,"valueName":"search_term_string"}}],"inLanguage":"fr-FR"},{"@type":"Organization","@id":"https:\/\/www.cse.sn\/#organization","name":"Centre de Suivi \u00c9cologique","url":"https:\/\/www.cse.sn\/","logo":{"@type":"ImageObject","inLanguage":"fr-FR","@id":"https:\/\/www.cse.sn\/#\/schema\/logo\/image\/","url":"https:\/\/www.cse.sn\/wp-content\/uploads\/2023\/03\/logo-cse-siteweb.png","contentUrl":"https:\/\/www.cse.sn\/wp-content\/uploads\/2023\/03\/logo-cse-siteweb.png","width":234,"height":90,"caption":"Centre de Suivi \u00c9cologique"},"image":{"@id":"https:\/\/www.cse.sn\/#\/schema\/logo\/image\/"}}]}},"_links":{"self":[{"href":"https:\/\/www.cse.sn\/index.php?rest_route=\/wp\/v2\/pages\/11397","targetHints":{"allow":["GET"]}}],"collection":[{"href":"https:\/\/www.cse.sn\/index.php?rest_route=\/wp\/v2\/pages"}],"about":[{"href":"https:\/\/www.cse.sn\/index.php?rest_route=\/wp\/v2\/types\/page"}],"author":[{"embeddable":true,"href":"https:\/\/www.cse.sn\/index.php?rest_route=\/wp\/v2\/users\/1"}],"replies":[{"embeddable":true,"href":"https:\/\/www.cse.sn\/index.php?rest_route=%2Fwp%2Fv2%2Fcomments&post=11397"}],"version-history":[{"count":7,"href":"https:\/\/www.cse.sn\/index.php?rest_route=\/wp\/v2\/pages\/11397\/revisions"}],"predecessor-version":[{"id":11408,"href":"https:\/\/www.cse.sn\/index.php?rest_route=\/wp\/v2\/pages\/11397\/revisions\/11408"}],"wp:attachment":[{"href":"https:\/\/www.cse.sn\/index.php?rest_route=%2Fwp%2Fv2%2Fmedia&parent=11397"}],"curies":[{"name":"wp","href":"https:\/\/api.w.org\/{rel}","templated":true}]}}