{"id":12469,"date":"2024-01-16T00:45:24","date_gmt":"2024-01-15T23:45:24","guid":{"rendered":"https:\/\/www.cse.sn\/?page_id=12469"},"modified":"2024-01-16T00:57:06","modified_gmt":"2024-01-15T23:57:06","slug":"les-policy-brief-du-cse","status":"publish","type":"page","link":"https:\/\/www.cse.sn\/?page_id=12469","title":{"rendered":"Les Policy Brief du CSE"},"content":{"rendered":"\t\t<div data-elementor-type=\"wp-page\" data-elementor-id=\"12469\" class=\"elementor elementor-12469\" data-elementor-post-type=\"page\">\n\t\t\t\t\t\t\t\t\t<section data-particle_enable=\"false\" data-particle-mobile-disabled=\"false\" class=\"elementor-section elementor-top-section elementor-element elementor-element-e8bdafb elementor-section-boxed elementor-section-height-default elementor-section-height-default\" data-id=\"e8bdafb\" data-element_type=\"section\">\n\t\t\t\t\t\t<div class=\"elementor-container elementor-column-gap-default\">\n\t\t\t\t\t<div class=\"elementor-column elementor-col-100 elementor-top-column elementor-element elementor-element-129f4cc\" data-id=\"129f4cc\" data-element_type=\"column\">\n\t\t\t<div class=\"elementor-widget-wrap elementor-element-populated\">\n\t\t\t\t\t\t\t\t<div class=\"elementor-element elementor-element-8d4cf44 elementor-widget elementor-widget-text-editor\" data-id=\"8d4cf44\" data-element_type=\"widget\" data-widget_type=\"text-editor.default\">\n\t\t\t\t<div class=\"elementor-widget-container\">\n\t\t\t<style>\/*! elementor - v3.17.0 - 08-11-2023 *\/\n.elementor-widget-text-editor.elementor-drop-cap-view-stacked .elementor-drop-cap{background-color:#69727d;color:#fff}.elementor-widget-text-editor.elementor-drop-cap-view-framed .elementor-drop-cap{color:#69727d;border:3px solid;background-color:transparent}.elementor-widget-text-editor:not(.elementor-drop-cap-view-default) .elementor-drop-cap{margin-top:8px}.elementor-widget-text-editor:not(.elementor-drop-cap-view-default) .elementor-drop-cap-letter{width:1em;height:1em}.elementor-widget-text-editor .elementor-drop-cap{float:left;text-align:center;line-height:1;font-size:50px}.elementor-widget-text-editor .elementor-drop-cap-letter{display:inline-block}<\/style>\t\t\t\t<p style=\"font-weight: 400;\">Dans la poursuite\u00a0des\u00a0efforts que le CSE m\u00e8ne dans la production et le partage\u00a0de\u00a0connaissances, le Centre initie, \u00e0 travers\u00a0des\u00a0\u00ab\u00a0Policy\u00a0Briefs\u00a0\u00bb, une s\u00e9rie\u00a0de\u00a0r\u00e9flexions strat\u00e9giques sur\u00a0des\u00a0th\u00e8mes porteurs d&#8217;enjeux, afin\u00a0de fournir aux d\u00e9cideurs\u00a0politiques un soutien \u00e0 la prise\u00a0de\u00a0d\u00e9cision.<\/p><p style=\"font-weight: 400;\">Nous esp\u00e9rons que ces premiers num\u00e9ros seront le d\u00e9but d&#8217;une longue s\u00e9rie de\u00a0publications dans les diff\u00e9rentes domaines d&#8217;intervention\u00a0du\u00a0Centre, et qu\u2019elles participeront \u00e0 positionner le CSE comme un p\u00f4le\u00a0de\u00a0r\u00e9flexion sur\u00a0des\u00a0sujets et th\u00e9matiques d\u2019int\u00e9r\u00eat majeur.\u00a0<\/p>\t\t\t\t\t\t<\/div>\n\t\t\t\t<\/div>\n\t\t\t\t\t<\/div>\n\t\t<\/div>\n\t\t\t\t\t\t\t<\/div>\n\t\t<\/section>\n\t\t\t\t<section data-particle_enable=\"false\" data-particle-mobile-disabled=\"false\" class=\"elementor-section elementor-top-section elementor-element elementor-element-b45f2e1 elementor-section-boxed elementor-section-height-default elementor-section-height-default\" data-id=\"b45f2e1\" data-element_type=\"section\">\n\t\t\t\t\t\t<div class=\"elementor-container elementor-column-gap-default\">\n\t\t\t\t\t<div class=\"elementor-column elementor-col-100 elementor-top-column elementor-element elementor-element-6af771b\" data-id=\"6af771b\" data-element_type=\"column\">\n\t\t\t<div class=\"elementor-widget-wrap elementor-element-populated\">\n\t\t\t\t\t\t\t\t<div class=\"elementor-element elementor-element-22f9a81 elementor-widget elementor-widget-wpfd_choose_category\" data-id=\"22f9a81\" data-element_type=\"widget\" data-widget_type=\"wpfd_choose_category.default\">\n\t\t\t\t<div class=\"elementor-widget-container\">\n\t\t\t<div id=\"wpfd-elementor-category\" class=\"wpfd-elementor-category\"><div class=\"wpfd-content wpfd-content-default wpfd-content-multi\" data-category=\"73\"             style=\"background-color: rgba(255, 255, 255, 0)\"><input type=\"hidden\" id=\"current_category_73\" value=\"73\" \/>                    <input type=\"hidden\" id=\"current_category_slug_73\" value=\"les-policy-brief-du-cse\" \/>                    <input type=\"hidden\" id=\"current_ordering_73\" value=\"title\" \/>                    <input type=\"hidden\" id=\"current_ordering_direction_73\" value=\"desc\" \/>                    <input type=\"hidden\" id=\"page_limit_73\" value=\"50\" \/><input type=\"hidden\" id=\"wpfd_display_empty_category_message\" value=\"0\" \/><input type=\"hidden\" id=\"wpfd_empty_category_message_val\" value=\"Cette cat\u00e9gorie de fichiers n\" \/><input type=\"hidden\" id=\"wpfd_display_empty_folder\" value=\"0\" \/><input type=\"hidden\" id=\"wpfd_is_empty_subcategories\" value=\"1\" \/><input type=\"hidden\" id=\"wpfd_is_empty_files\" value=\"1\" \/><input type=\"hidden\" id=\"wpfd_root_category_id\" class=\"wpfd_root_category_id\" value=\"73\" \/><input type=\"hidden\" id=\"wpfd_root_category_theme\" class=\"wpfd_root_category_theme\" value=\"default\" \/><input type=\"hidden\" id=\"wpfd_root_category_clone_theme_type\" class=\"wpfd_root_category_clone_theme_type\" value=\"none\" \/><input type=\"hidden\" id=\"wpfd_root_category_type\" class=\"wpfd_root_category_type\" value=\"73\" \/>    <script type=\"text\/x-handlebars-template\" class=\"wpfd-template-files\">        {{#if files }}        <div class=\"wpfd_list\">            {{#each files}}            <div class=\"file {{ext}}\" style=\"margin : 10px 10px 10px 10px;\" data-id=\"{{ID}}\" data-catid=\"{{catid}}\">                <input type=\"hidden\" class=\"wpfd_file_preview_link_download\" value=\"{{linkdownload}}\" data-filetitle=\"{{post_title}}\" data-fileicons=\"ext ext-{{ext}} wpfd-icon-set-svg\" \/>                <div class=\"filecontent\">                    {{#if file_custom_icon}}                    <div class=\"icon-custom\"><img decoding=\"async\" src=\"{{file_custom_icon}}\" \/><\/div>                    {{else}}                    <div class=\"ext ext-{{ext}} wpfd-icon-set-svg\"><span class=\"txt\">{{ext}}<\/span><\/div>                    {{\/if}}<h3><a href=\"{{linkdownload}}\"  class=\"wpfd_downloadlink\" title=\"{{post_title}}\" target=\"{{#if remote_file}}_blank{{\/if}}\">{{{crop_title}}}<\/a><\/h3>                    <div class=\"file-xinfo\">                        {{#if description}}<div class=\"file-desc\">{{{description}}}<\/div>{{\/if}}{{#if versionNumber}}<div class=\"file-version\"><span>Version :<\/span> {{versionNumber}}<\/div>{{\/if}}<div class=\"file-size\"><span>Taille :<\/span> {{bytesToSize size}}<\/div><div class=\"file-hits\"><span>T\u00e9l\u00e9chargement :<\/span> {{hits}}<\/div>                    <\/div>                <\/div>                <span class=\"file-right\">                    <a class=\"downloadlink wpfd_downloadlink\"  href=\"{{linkdownload}}\" style=\"background-color:rgba(0, 153, 89, 1);color:#ffffff;\" target=\"{{#if remote_file}}_blank{{\/if}}\">T\u00e9l\u00e9charger<i class=\"zmdi zmdi-cloud-download wpfd-download\"><\/i><\/a>{{#if openpdflink}}<a class=\"openlink wpfdlightbox wpfd_previewlink\" href=\"{{openpdflink}}\" target=\"\">Aper\u00e7u                            <i class=\"zmdi zmdi-filter-center-focus wpfd-preview\"><\/i>                        <\/a>{{else}}{{#if viewerlink}}<a                            href=\"{{viewerlink}}\"                            class=\"openlink wpfdlightbox wpfd_previewlink\"                            target=\"\"                            data-id=\"{{ID}}\"                            data-catid=\"{{catid}}\"                            data-file-type=\"{{ext}}\">Aper\u00e7u<i class=\"zmdi zmdi-filter-center-focus wpfd-preview\"><\/i>                        <\/a>{{\/if}}{{\/if}}                <\/span>            <\/div>            {{\/each}}            <div class=\"file flex_span\" style=\"margin : 10px 10px 10px 10px;\"><\/div>        <\/div>        {{\/if}}    <\/script>    <div class=\"wpfd-container\">                <div class=\"wpfd-open-tree\"><\/div>        <div class=\"wpfd-container-default \">            <div class=\"wpfd-categories hide\"><div class=\"wpfd-category-desc\"><\/div><\/div>                            <div class=\"wpfd_list\">                                                                        <div class=\"file pdf\" style=\"margin : 10px 10px 10px 10px;\"                                 data-id=\"12474\"                                 data-catid=\"73\">                                                                <input type=\"hidden\" class=\"wpfd_file_preview_link_download\" value=\"https:\/\/www.cse.sn\/wp-admin\/admin-ajax.php?juwpfisadmin=false&amp;action=wpfd&amp;task=file.download&amp;wpfd_category_id=73&amp;wpfd_file_id=12474\"                                       data-filetitle=\"Les Enjeux de la Finance Climat au Se\u0301ne\u0301gal - Avril 2020\" data-fileicons=\"ext ext-pdf wpfd-icon-set-svg\" \/>                                <div class=\"filecontent\">                                    <div class=\"ext ext-pdf wpfd-icon-set-svg\"><span class=\"txt\">pdf<\/span><\/div><h3><a href=\"https:\/\/www.cse.sn\/wp-admin\/admin-ajax.php?juwpfisadmin=false&#038;action=wpfd&#038;task=file.download&#038;wpfd_category_id=73&#038;wpfd_file_id=12474\"  class=\"wpfd_downloadlink\" title=\"Les Enjeux de la Finance Climat au Se\u0301ne\u0301gal - Avril 2020\" target=\"\">Les Enjeux de la Finance Climat au Se\u0301ne\u0301gal - Avril 2020<\/a><\/h3>                                    <div class=\"file-xinfo\">                                        <div class=\"file-desc\"><\/div><div class=\"file-size\"><span>Taille :<\/span> 331.32 KB<\/div><div class=\"file-hits\"><span>T\u00e9l\u00e9chargement :<\/span> 290<\/div>                                    <\/div>                                <\/div>                                <div class=\"file-right\">                                    <a class=\"downloadlink wpfd_downloadlink\"  href=\"https:\/\/www.cse.sn\/wp-admin\/admin-ajax.php?juwpfisadmin=false&#038;action=wpfd&#038;task=file.download&#038;wpfd_category_id=73&#038;wpfd_file_id=12474\" style=\"background-color:rgba(0, 153, 89, 1);color:#ffffff;\" target=\"\">T\u00e9l\u00e9charger<i class=\"zmdi zmdi-cloud-download wpfd-download\"><\/i><\/a><a                            href=\"https:\/\/docs.google.com\/viewer?url=https%3A%2F%2Fwww.cse.sn%2Fwp-admin%2Fadmin-ajax.php%3Fjuwpfisadmin%3Dfalse%26action%3Dwpfd%26task%3Dfile.download%26wpfd_category_id%3D73%26wpfd_file_id%3D12474%26token%3D%26preview%3D1&#038;embedded=true\"                            class=\"openlink wpfdlightbox wpfd_previewlink\"                            target=\"\"                            data-id=\"12474\"                            data-catid=\"73\"                            data-file-type=\"pdf\">Aper\u00e7u<i class=\"zmdi zmdi-filter-center-focus wpfd-preview\"><\/i>                        <\/a>                                <\/div>                            <\/div>                                                                                                <div class=\"file pdf\" style=\"margin : 10px 10px 10px 10px;\"                                 data-id=\"12475\"                                 data-catid=\"73\">                                                                <input type=\"hidden\" class=\"wpfd_file_preview_link_download\" value=\"https:\/\/www.cse.sn\/wp-admin\/admin-ajax.php?juwpfisadmin=false&amp;action=wpfd&amp;task=file.download&amp;wpfd_category_id=73&amp;wpfd_file_id=12475\"                                       data-filetitle=\"Impact de la crise COVID sur la Finance Climat - Mai 2023\" data-fileicons=\"ext ext-pdf wpfd-icon-set-svg\" \/>                                <div class=\"filecontent\">                                    <div class=\"ext ext-pdf wpfd-icon-set-svg\"><span class=\"txt\">pdf<\/span><\/div><h3><a href=\"https:\/\/www.cse.sn\/wp-admin\/admin-ajax.php?juwpfisadmin=false&#038;action=wpfd&#038;task=file.download&#038;wpfd_category_id=73&#038;wpfd_file_id=12475\"  class=\"wpfd_downloadlink\" title=\"Impact de la crise COVID sur la Finance Climat - Mai 2023\" target=\"\">Impact de la crise COVID sur la Finance Climat - Mai 2023<\/a><\/h3>                                    <div class=\"file-xinfo\">                                        <div class=\"file-desc\"><\/div><div class=\"file-size\"><span>Taille :<\/span> 782.12 KB<\/div><div class=\"file-hits\"><span>T\u00e9l\u00e9chargement :<\/span> 301<\/div>                                    <\/div>                                <\/div>                                <div class=\"file-right\">                                    <a class=\"downloadlink wpfd_downloadlink\"  href=\"https:\/\/www.cse.sn\/wp-admin\/admin-ajax.php?juwpfisadmin=false&#038;action=wpfd&#038;task=file.download&#038;wpfd_category_id=73&#038;wpfd_file_id=12475\" style=\"background-color:rgba(0, 153, 89, 1);color:#ffffff;\" target=\"\">T\u00e9l\u00e9charger<i class=\"zmdi zmdi-cloud-download wpfd-download\"><\/i><\/a><a                            href=\"https:\/\/docs.google.com\/viewer?url=https%3A%2F%2Fwww.cse.sn%2Fwp-admin%2Fadmin-ajax.php%3Fjuwpfisadmin%3Dfalse%26action%3Dwpfd%26task%3Dfile.download%26wpfd_category_id%3D73%26wpfd_file_id%3D12475%26token%3D%26preview%3D1&#038;embedded=true\"                            class=\"openlink wpfdlightbox wpfd_previewlink\"                            target=\"\"                            data-id=\"12475\"                            data-catid=\"73\"                            data-file-type=\"pdf\">Aper\u00e7u<i class=\"zmdi zmdi-filter-center-focus wpfd-preview\"><\/i>                        <\/a>                                <\/div>                            <\/div>                                                                <div class=\"file flex_span\" style=\"margin : 10px 10px 10px 10px;\"><\/div>                <\/div>                                <\/div>    <\/div><\/div><\/div>\t\t<\/div>\n\t\t\t\t<\/div>\n\t\t\t\t\t<\/div>\n\t\t<\/div>\n\t\t\t\t\t\t\t<\/div>\n\t\t<\/section>\n\t\t\t\t\t\t\t<\/div>\n\t\t","protected":false},"excerpt":{"rendered":"<p>Dans la poursuite\u00a0des\u00a0efforts que le CSE m\u00e8ne dans la production et le partage\u00a0de\u00a0connaissances, le Centre initie, \u00e0 travers\u00a0des\u00a0\u00ab\u00a0Policy\u00a0Briefs\u00a0\u00bb, une s\u00e9rie\u00a0de\u00a0r\u00e9flexions strat\u00e9giques sur\u00a0des\u00a0th\u00e8mes porteurs d&#8217;enjeux, afin\u00a0de fournir aux d\u00e9cideurs\u00a0politiques un soutien \u00e0 la prise\u00a0de\u00a0d\u00e9cision. Nous esp\u00e9rons que ces premiers num\u00e9ros seront le d\u00e9but d&#8217;une longue s\u00e9rie de\u00a0publications dans les diff\u00e9rentes domaines d&#8217;intervention\u00a0du\u00a0Centre, et qu\u2019elles participeront \u00e0 [&hellip;]<\/p>\n","protected":false},"author":1,"featured_media":0,"parent":0,"menu_order":0,"comment_status":"closed","ping_status":"closed","template":"","meta":{"inline_featured_image":false,"cybocfi_hide_featured_image":"","footnotes":""},"class_list":["post-12469","page","type-page","status-publish","hentry"],"yoast_head":"<!-- This site is optimized with the Yoast SEO plugin v27.5 - https:\/\/yoast.com\/product\/yoast-seo-wordpress\/ -->\n<title>Les Policy Brief du CSE - Centre de Suivi \u00c9cologique<\/title>\n<meta name=\"robots\" content=\"index, follow, max-snippet:-1, max-image-preview:large, max-video-preview:-1\" \/>\n<link rel=\"canonical\" href=\"https:\/\/www.cse.sn\/?page_id=12469\" \/>\n<meta property=\"og:locale\" content=\"fr_FR\" \/>\n<meta property=\"og:type\" content=\"article\" \/>\n<meta property=\"og:title\" content=\"Les Policy Brief du CSE - Centre de Suivi \u00c9cologique\" \/>\n<meta property=\"og:description\" content=\"Dans la poursuite\u00a0des\u00a0efforts que le CSE m\u00e8ne dans la production et le partage\u00a0de\u00a0connaissances, le Centre initie, \u00e0 travers\u00a0des\u00a0\u00ab\u00a0Policy\u00a0Briefs\u00a0\u00bb, une s\u00e9rie\u00a0de\u00a0r\u00e9flexions strat\u00e9giques sur\u00a0des\u00a0th\u00e8mes porteurs d&#8217;enjeux, afin\u00a0de fournir aux d\u00e9cideurs\u00a0politiques un soutien \u00e0 la prise\u00a0de\u00a0d\u00e9cision. Nous esp\u00e9rons que ces premiers num\u00e9ros seront le d\u00e9but d&#8217;une longue s\u00e9rie de\u00a0publications dans les diff\u00e9rentes domaines d&#8217;intervention\u00a0du\u00a0Centre, et qu\u2019elles participeront \u00e0 [&hellip;]\" \/>\n<meta property=\"og:url\" content=\"https:\/\/www.cse.sn\/?page_id=12469\" \/>\n<meta property=\"og:site_name\" content=\"Centre de Suivi \u00c9cologique\" \/>\n<meta property=\"article:modified_time\" content=\"2024-01-15T23:57:06+00:00\" \/>\n<meta name=\"twitter:card\" content=\"summary_large_image\" \/>\n<meta name=\"twitter:label1\" content=\"Dur\u00e9e de lecture estim\u00e9e\" \/>\n\t<meta name=\"twitter:data1\" content=\"1 minute\" \/>\n<script type=\"application\/ld+json\" class=\"yoast-schema-graph\">{\"@context\":\"https:\\\/\\\/schema.org\",\"@graph\":[{\"@type\":\"WebPage\",\"@id\":\"https:\\\/\\\/www.cse.sn\\\/?page_id=12469\",\"url\":\"https:\\\/\\\/www.cse.sn\\\/?page_id=12469\",\"name\":\"Les Policy Brief du CSE - Centre de Suivi \u00c9cologique\",\"isPartOf\":{\"@id\":\"https:\\\/\\\/www.cse.sn\\\/#website\"},\"datePublished\":\"2024-01-15T23:45:24+00:00\",\"dateModified\":\"2024-01-15T23:57:06+00:00\",\"inLanguage\":\"fr-FR\",\"potentialAction\":[{\"@type\":\"ReadAction\",\"target\":[\"https:\\\/\\\/www.cse.sn\\\/?page_id=12469\"]}]},{\"@type\":\"WebSite\",\"@id\":\"https:\\\/\\\/www.cse.sn\\\/#website\",\"url\":\"https:\\\/\\\/www.cse.sn\\\/\",\"name\":\"Centre de Suivi \u00c9cologique\",\"description\":\"\",\"publisher\":{\"@id\":\"https:\\\/\\\/www.cse.sn\\\/#organization\"},\"potentialAction\":[{\"@type\":\"SearchAction\",\"target\":{\"@type\":\"EntryPoint\",\"urlTemplate\":\"https:\\\/\\\/www.cse.sn\\\/?s={search_term_string}\"},\"query-input\":{\"@type\":\"PropertyValueSpecification\",\"valueRequired\":true,\"valueName\":\"search_term_string\"}}],\"inLanguage\":\"fr-FR\"},{\"@type\":\"Organization\",\"@id\":\"https:\\\/\\\/www.cse.sn\\\/#organization\",\"name\":\"Centre de Suivi \u00c9cologique\",\"url\":\"https:\\\/\\\/www.cse.sn\\\/\",\"logo\":{\"@type\":\"ImageObject\",\"inLanguage\":\"fr-FR\",\"@id\":\"https:\\\/\\\/www.cse.sn\\\/#\\\/schema\\\/logo\\\/image\\\/\",\"url\":\"https:\\\/\\\/www.cse.sn\\\/wp-content\\\/uploads\\\/2023\\\/03\\\/logo-cse-siteweb.png\",\"contentUrl\":\"https:\\\/\\\/www.cse.sn\\\/wp-content\\\/uploads\\\/2023\\\/03\\\/logo-cse-siteweb.png\",\"width\":234,\"height\":90,\"caption\":\"Centre de Suivi \u00c9cologique\"},\"image\":{\"@id\":\"https:\\\/\\\/www.cse.sn\\\/#\\\/schema\\\/logo\\\/image\\\/\"}}]}<\/script>\n<!-- \/ Yoast SEO plugin. -->","yoast_head_json":{"title":"Les Policy Brief du CSE - Centre de Suivi \u00c9cologique","robots":{"index":"index","follow":"follow","max-snippet":"max-snippet:-1","max-image-preview":"max-image-preview:large","max-video-preview":"max-video-preview:-1"},"canonical":"https:\/\/www.cse.sn\/?page_id=12469","og_locale":"fr_FR","og_type":"article","og_title":"Les Policy Brief du CSE - Centre de Suivi \u00c9cologique","og_description":"Dans la poursuite\u00a0des\u00a0efforts que le CSE m\u00e8ne dans la production et le partage\u00a0de\u00a0connaissances, le Centre initie, \u00e0 travers\u00a0des\u00a0\u00ab\u00a0Policy\u00a0Briefs\u00a0\u00bb, une s\u00e9rie\u00a0de\u00a0r\u00e9flexions strat\u00e9giques sur\u00a0des\u00a0th\u00e8mes porteurs d&#8217;enjeux, afin\u00a0de fournir aux d\u00e9cideurs\u00a0politiques un soutien \u00e0 la prise\u00a0de\u00a0d\u00e9cision. Nous esp\u00e9rons que ces premiers num\u00e9ros seront le d\u00e9but d&#8217;une longue s\u00e9rie de\u00a0publications dans les diff\u00e9rentes domaines d&#8217;intervention\u00a0du\u00a0Centre, et qu\u2019elles participeront \u00e0 [&hellip;]","og_url":"https:\/\/www.cse.sn\/?page_id=12469","og_site_name":"Centre de Suivi \u00c9cologique","article_modified_time":"2024-01-15T23:57:06+00:00","twitter_card":"summary_large_image","twitter_misc":{"Dur\u00e9e de lecture estim\u00e9e":"1 minute"},"schema":{"@context":"https:\/\/schema.org","@graph":[{"@type":"WebPage","@id":"https:\/\/www.cse.sn\/?page_id=12469","url":"https:\/\/www.cse.sn\/?page_id=12469","name":"Les Policy Brief du CSE - Centre de Suivi \u00c9cologique","isPartOf":{"@id":"https:\/\/www.cse.sn\/#website"},"datePublished":"2024-01-15T23:45:24+00:00","dateModified":"2024-01-15T23:57:06+00:00","inLanguage":"fr-FR","potentialAction":[{"@type":"ReadAction","target":["https:\/\/www.cse.sn\/?page_id=12469"]}]},{"@type":"WebSite","@id":"https:\/\/www.cse.sn\/#website","url":"https:\/\/www.cse.sn\/","name":"Centre de Suivi \u00c9cologique","description":"","publisher":{"@id":"https:\/\/www.cse.sn\/#organization"},"potentialAction":[{"@type":"SearchAction","target":{"@type":"EntryPoint","urlTemplate":"https:\/\/www.cse.sn\/?s={search_term_string}"},"query-input":{"@type":"PropertyValueSpecification","valueRequired":true,"valueName":"search_term_string"}}],"inLanguage":"fr-FR"},{"@type":"Organization","@id":"https:\/\/www.cse.sn\/#organization","name":"Centre de Suivi \u00c9cologique","url":"https:\/\/www.cse.sn\/","logo":{"@type":"ImageObject","inLanguage":"fr-FR","@id":"https:\/\/www.cse.sn\/#\/schema\/logo\/image\/","url":"https:\/\/www.cse.sn\/wp-content\/uploads\/2023\/03\/logo-cse-siteweb.png","contentUrl":"https:\/\/www.cse.sn\/wp-content\/uploads\/2023\/03\/logo-cse-siteweb.png","width":234,"height":90,"caption":"Centre de Suivi \u00c9cologique"},"image":{"@id":"https:\/\/www.cse.sn\/#\/schema\/logo\/image\/"}}]}},"_links":{"self":[{"href":"https:\/\/www.cse.sn\/index.php?rest_route=\/wp\/v2\/pages\/12469","targetHints":{"allow":["GET"]}}],"collection":[{"href":"https:\/\/www.cse.sn\/index.php?rest_route=\/wp\/v2\/pages"}],"about":[{"href":"https:\/\/www.cse.sn\/index.php?rest_route=\/wp\/v2\/types\/page"}],"author":[{"embeddable":true,"href":"https:\/\/www.cse.sn\/index.php?rest_route=\/wp\/v2\/users\/1"}],"replies":[{"embeddable":true,"href":"https:\/\/www.cse.sn\/index.php?rest_route=%2Fwp%2Fv2%2Fcomments&post=12469"}],"version-history":[{"count":13,"href":"https:\/\/www.cse.sn\/index.php?rest_route=\/wp\/v2\/pages\/12469\/revisions"}],"predecessor-version":[{"id":12484,"href":"https:\/\/www.cse.sn\/index.php?rest_route=\/wp\/v2\/pages\/12469\/revisions\/12484"}],"wp:attachment":[{"href":"https:\/\/www.cse.sn\/index.php?rest_route=%2Fwp%2Fv2%2Fmedia&parent=12469"}],"curies":[{"name":"wp","href":"https:\/\/api.w.org\/{rel}","templated":true}]}}