{"id":13914,"date":"2024-06-08T23:43:20","date_gmt":"2024-06-08T23:43:20","guid":{"rendered":"https:\/\/www.cse.sn\/?page_id=13914"},"modified":"2024-06-08T23:45:18","modified_gmt":"2024-06-08T23:45:18","slug":"activites-2","status":"publish","type":"page","link":"https:\/\/www.cse.sn\/?page_id=13914","title":{"rendered":"Activit\u00e9s"},"content":{"rendered":"\t\t<div data-elementor-type=\"wp-page\" data-elementor-id=\"13914\" class=\"elementor elementor-13914\" data-elementor-post-type=\"page\">\n\t\t\t\t\t\t\t\t\t<section data-particle_enable=\"false\" data-particle-mobile-disabled=\"false\" class=\"elementor-section elementor-top-section elementor-element elementor-element-a199348 elementor-section-boxed elementor-section-height-default elementor-section-height-default\" data-id=\"a199348\" data-element_type=\"section\">\n\t\t\t\t\t\t<div class=\"elementor-container elementor-column-gap-default\">\n\t\t\t\t\t<div class=\"elementor-column elementor-col-100 elementor-top-column elementor-element elementor-element-5ff1821\" data-id=\"5ff1821\" data-element_type=\"column\">\n\t\t\t<div class=\"elementor-widget-wrap elementor-element-populated\">\n\t\t\t\t\t\t\t\t<div class=\"elementor-element elementor-element-3414659 elementor-grid-eael-col-3 elementor-grid-tablet-eael-col-2 elementor-grid-mobile-eael-col-1 elementor-widget elementor-widget-eael-post-grid\" data-id=\"3414659\" data-element_type=\"widget\" data-settings=\"{&quot;eael_post_grid_columns&quot;:&quot;eael-col-3&quot;,&quot;eael_post_grid_columns_tablet&quot;:&quot;eael-col-2&quot;,&quot;eael_post_grid_columns_mobile&quot;:&quot;eael-col-1&quot;}\" data-widget_type=\"eael-post-grid.default\">\n\t\t\t\t<div class=\"elementor-widget-container\">\n\t\t\t<div id=\"eael-post-grid-3414659\" class=\"eael-post-grid-container\">\n            <div class=\"eael-post-grid eael-post-appender eael-post-appender-3414659 eael-post-grid-style-default\" data-layout-mode=\"grid\"><article class=\"eael-grid-post eael-post-grid-column\" data-id=\"13909\">\n        <div class=\"eael-grid-post-holder\">\n            <div class=\"eael-grid-post-holder-inner\"><div class=\"eael-entry-wrapper\"><header class=\"eael-entry-header\"><h2 class=\"eael-entry-title\"><a\n                        class=\"eael-grid-post-link\"\n                        href=\"https:\/\/www.cse.sn\/?p=13909\"\n                        title=\"RAMPAO WEBINAR: Quels rendements \u00e9conomiques pour les Aires Marines Prot\u00e9g\u00e9es d\u2019Afrique de l\u2019Ouest ?\">RAMPAO WEBINAR: Quels rendements \u00e9conomiques pour les Aires Marines Prot\u00e9g\u00e9es d\u2019Afrique de l\u2019Ouest ?<\/a><\/h2><\/header><div class=\"eael-entry-content\">\n                        <div class=\"eael-grid-post-excerpt\"><a\n                            href=\"https:\/\/www.cse.sn\/?p=13909\"\n                            class=\"eael-post-elements-readmore-btn\">Lire la suite...<\/a><\/div>\n                    <\/div><div class=\"eael-entry-footer\"><div class=\"eael-entry-meta\"><span class=\"eael-posted-on\"><time datetime=\"28 mai 2024\">28 mai 2024<\/time><\/span><\/div><\/div><\/div><\/div>\n        <\/div>\n    <\/article><article class=\"eael-grid-post eael-post-grid-column\" data-id=\"13901\">\n        <div class=\"eael-grid-post-holder\">\n            <div class=\"eael-grid-post-holder-inner\"><div class=\"eael-entry-wrapper\"><header class=\"eael-entry-header\"><h2 class=\"eael-entry-title\"><a\n                        class=\"eael-grid-post-link\"\n                        href=\"https:\/\/www.cse.sn\/?p=13901\"\n                        title=\"Projet d\u2019Adaptation au Changement Climatique pour des Infrastructures R\u00e9siliantes au Se\u0301ne\u0301gal et en Afrique de l\u2019Ouest (PACCIR)\">Projet d\u2019Adaptation au Changement Climatique pour des Infrastructures R\u00e9siliantes au Se\u0301ne\u0301gal et en Afrique de l\u2019Ouest (PACCIR)<\/a><\/h2><\/header><div class=\"eael-entry-content\">\n                        <div class=\"eael-grid-post-excerpt\"><a\n                            href=\"https:\/\/www.cse.sn\/?p=13901\"\n                            class=\"eael-post-elements-readmore-btn\">Lire la suite...<\/a><\/div>\n                    <\/div><div class=\"eael-entry-footer\"><div class=\"eael-entry-meta\"><span class=\"eael-posted-on\"><time datetime=\"10 mai 2024\">10 mai 2024<\/time><\/span><\/div><\/div><\/div><\/div>\n        <\/div>\n    <\/article><article class=\"eael-grid-post eael-post-grid-column\" data-id=\"13892\">\n        <div class=\"eael-grid-post-holder\">\n            <div class=\"eael-grid-post-holder-inner\"><div class=\"eael-entry-wrapper\"><header class=\"eael-entry-header\"><h2 class=\"eael-entry-title\"><a\n                        class=\"eael-grid-post-link\"\n                        href=\"https:\/\/www.cse.sn\/?p=13892\"\n                        title=\"Nouveau Gouvernement du S\u00e9n\u00e9gal: Nomination de coll\u00e8gues\">Nouveau Gouvernement du S\u00e9n\u00e9gal: Nomination de coll\u00e8gues<\/a><\/h2><\/header><div class=\"eael-entry-content\">\n                        <div class=\"eael-grid-post-excerpt\"><a\n                            href=\"https:\/\/www.cse.sn\/?p=13892\"\n                            class=\"eael-post-elements-readmore-btn\">Lire la suite...<\/a><\/div>\n                    <\/div><div class=\"eael-entry-footer\"><div class=\"eael-entry-meta\"><span class=\"eael-posted-on\"><time datetime=\"8 avril 2024\">8 avril 2024<\/time><\/span><\/div><\/div><\/div><\/div>\n        <\/div>\n    <\/article><\/div>\n            <div class=\"clearfix\"><\/div>\n        <\/div>\t\t<\/div>\n\t\t\t\t<\/div>\n\t\t\t\t\t<\/div>\n\t\t<\/div>\n\t\t\t\t\t\t\t<\/div>\n\t\t<\/section>\n\t\t\t\t\t\t\t<\/div>\n\t\t","protected":false},"excerpt":{"rendered":"<p>RAMPAO WEBINAR: Quels rendements \u00e9conomiques pour les Aires Marines Prot\u00e9g\u00e9es d\u2019Afrique de l\u2019Ouest ? Lire la suite&#8230; 28 mai 2024 Projet d\u2019Adaptation au Changement Climatique pour des Infrastructures R\u00e9siliantes au Se\u0301ne\u0301gal et en Afrique de l\u2019Ouest (PACCIR) Lire la suite&#8230; 10 mai 2024 Nouveau Gouvernement du S\u00e9n\u00e9gal: Nomination de coll\u00e8gues Lire la suite&#8230; 8 avril [&hellip;]<\/p>\n","protected":false},"author":1,"featured_media":0,"parent":0,"menu_order":0,"comment_status":"closed","ping_status":"closed","template":"","meta":{"inline_featured_image":false,"cybocfi_hide_featured_image":"","footnotes":""},"class_list":["post-13914","page","type-page","status-publish","hentry"],"yoast_head":"<!-- This site is optimized with the Yoast SEO plugin v27.4 - https:\/\/yoast.com\/product\/yoast-seo-wordpress\/ -->\n<title>Activit\u00e9s - Centre de Suivi \u00c9cologique<\/title>\n<meta name=\"robots\" content=\"index, follow, max-snippet:-1, max-image-preview:large, max-video-preview:-1\" \/>\n<link rel=\"canonical\" href=\"https:\/\/www.cse.sn\/?page_id=13914\" \/>\n<meta property=\"og:locale\" content=\"fr_FR\" \/>\n<meta property=\"og:type\" content=\"article\" \/>\n<meta property=\"og:title\" content=\"Activit\u00e9s - Centre de Suivi \u00c9cologique\" \/>\n<meta property=\"og:description\" content=\"RAMPAO WEBINAR: Quels rendements \u00e9conomiques pour les Aires Marines Prot\u00e9g\u00e9es d\u2019Afrique de l\u2019Ouest ? Lire la suite&#8230; 28 mai 2024 Projet d\u2019Adaptation au Changement Climatique pour des Infrastructures R\u00e9siliantes au Se\u0301ne\u0301gal et en Afrique de l\u2019Ouest (PACCIR) Lire la suite&#8230; 10 mai 2024 Nouveau Gouvernement du S\u00e9n\u00e9gal: Nomination de coll\u00e8gues Lire la suite&#8230; 8 avril [&hellip;]\" \/>\n<meta property=\"og:url\" content=\"https:\/\/www.cse.sn\/?page_id=13914\" \/>\n<meta property=\"og:site_name\" content=\"Centre de Suivi \u00c9cologique\" \/>\n<meta property=\"article:modified_time\" content=\"2024-06-08T23:45:18+00:00\" \/>\n<meta name=\"twitter:card\" content=\"summary_large_image\" \/>\n<meta name=\"twitter:label1\" content=\"Dur\u00e9e de lecture estim\u00e9e\" \/>\n\t<meta name=\"twitter:data1\" content=\"1 minute\" \/>\n<script type=\"application\/ld+json\" class=\"yoast-schema-graph\">{\"@context\":\"https:\\\/\\\/schema.org\",\"@graph\":[{\"@type\":\"WebPage\",\"@id\":\"https:\\\/\\\/www.cse.sn\\\/?page_id=13914\",\"url\":\"https:\\\/\\\/www.cse.sn\\\/?page_id=13914\",\"name\":\"Activit\u00e9s - Centre de Suivi \u00c9cologique\",\"isPartOf\":{\"@id\":\"https:\\\/\\\/www.cse.sn\\\/#website\"},\"datePublished\":\"2024-06-08T23:43:20+00:00\",\"dateModified\":\"2024-06-08T23:45:18+00:00\",\"inLanguage\":\"fr-FR\",\"potentialAction\":[{\"@type\":\"ReadAction\",\"target\":[\"https:\\\/\\\/www.cse.sn\\\/?page_id=13914\"]}]},{\"@type\":\"WebSite\",\"@id\":\"https:\\\/\\\/www.cse.sn\\\/#website\",\"url\":\"https:\\\/\\\/www.cse.sn\\\/\",\"name\":\"Centre de Suivi \u00c9cologique\",\"description\":\"\",\"publisher\":{\"@id\":\"https:\\\/\\\/www.cse.sn\\\/#organization\"},\"potentialAction\":[{\"@type\":\"SearchAction\",\"target\":{\"@type\":\"EntryPoint\",\"urlTemplate\":\"https:\\\/\\\/www.cse.sn\\\/?s={search_term_string}\"},\"query-input\":{\"@type\":\"PropertyValueSpecification\",\"valueRequired\":true,\"valueName\":\"search_term_string\"}}],\"inLanguage\":\"fr-FR\"},{\"@type\":\"Organization\",\"@id\":\"https:\\\/\\\/www.cse.sn\\\/#organization\",\"name\":\"Centre de Suivi \u00c9cologique\",\"url\":\"https:\\\/\\\/www.cse.sn\\\/\",\"logo\":{\"@type\":\"ImageObject\",\"inLanguage\":\"fr-FR\",\"@id\":\"https:\\\/\\\/www.cse.sn\\\/#\\\/schema\\\/logo\\\/image\\\/\",\"url\":\"https:\\\/\\\/www.cse.sn\\\/wp-content\\\/uploads\\\/2023\\\/03\\\/logo-cse-siteweb.png\",\"contentUrl\":\"https:\\\/\\\/www.cse.sn\\\/wp-content\\\/uploads\\\/2023\\\/03\\\/logo-cse-siteweb.png\",\"width\":234,\"height\":90,\"caption\":\"Centre de Suivi \u00c9cologique\"},\"image\":{\"@id\":\"https:\\\/\\\/www.cse.sn\\\/#\\\/schema\\\/logo\\\/image\\\/\"}}]}<\/script>\n<!-- \/ Yoast SEO plugin. -->","yoast_head_json":{"title":"Activit\u00e9s - Centre de Suivi \u00c9cologique","robots":{"index":"index","follow":"follow","max-snippet":"max-snippet:-1","max-image-preview":"max-image-preview:large","max-video-preview":"max-video-preview:-1"},"canonical":"https:\/\/www.cse.sn\/?page_id=13914","og_locale":"fr_FR","og_type":"article","og_title":"Activit\u00e9s - Centre de Suivi \u00c9cologique","og_description":"RAMPAO WEBINAR: Quels rendements \u00e9conomiques pour les Aires Marines Prot\u00e9g\u00e9es d\u2019Afrique de l\u2019Ouest ? Lire la suite&#8230; 28 mai 2024 Projet d\u2019Adaptation au Changement Climatique pour des Infrastructures R\u00e9siliantes au Se\u0301ne\u0301gal et en Afrique de l\u2019Ouest (PACCIR) Lire la suite&#8230; 10 mai 2024 Nouveau Gouvernement du S\u00e9n\u00e9gal: Nomination de coll\u00e8gues Lire la suite&#8230; 8 avril [&hellip;]","og_url":"https:\/\/www.cse.sn\/?page_id=13914","og_site_name":"Centre de Suivi \u00c9cologique","article_modified_time":"2024-06-08T23:45:18+00:00","twitter_card":"summary_large_image","twitter_misc":{"Dur\u00e9e de lecture estim\u00e9e":"1 minute"},"schema":{"@context":"https:\/\/schema.org","@graph":[{"@type":"WebPage","@id":"https:\/\/www.cse.sn\/?page_id=13914","url":"https:\/\/www.cse.sn\/?page_id=13914","name":"Activit\u00e9s - Centre de Suivi \u00c9cologique","isPartOf":{"@id":"https:\/\/www.cse.sn\/#website"},"datePublished":"2024-06-08T23:43:20+00:00","dateModified":"2024-06-08T23:45:18+00:00","inLanguage":"fr-FR","potentialAction":[{"@type":"ReadAction","target":["https:\/\/www.cse.sn\/?page_id=13914"]}]},{"@type":"WebSite","@id":"https:\/\/www.cse.sn\/#website","url":"https:\/\/www.cse.sn\/","name":"Centre de Suivi \u00c9cologique","description":"","publisher":{"@id":"https:\/\/www.cse.sn\/#organization"},"potentialAction":[{"@type":"SearchAction","target":{"@type":"EntryPoint","urlTemplate":"https:\/\/www.cse.sn\/?s={search_term_string}"},"query-input":{"@type":"PropertyValueSpecification","valueRequired":true,"valueName":"search_term_string"}}],"inLanguage":"fr-FR"},{"@type":"Organization","@id":"https:\/\/www.cse.sn\/#organization","name":"Centre de Suivi \u00c9cologique","url":"https:\/\/www.cse.sn\/","logo":{"@type":"ImageObject","inLanguage":"fr-FR","@id":"https:\/\/www.cse.sn\/#\/schema\/logo\/image\/","url":"https:\/\/www.cse.sn\/wp-content\/uploads\/2023\/03\/logo-cse-siteweb.png","contentUrl":"https:\/\/www.cse.sn\/wp-content\/uploads\/2023\/03\/logo-cse-siteweb.png","width":234,"height":90,"caption":"Centre de Suivi \u00c9cologique"},"image":{"@id":"https:\/\/www.cse.sn\/#\/schema\/logo\/image\/"}}]}},"_links":{"self":[{"href":"https:\/\/www.cse.sn\/index.php?rest_route=\/wp\/v2\/pages\/13914","targetHints":{"allow":["GET"]}}],"collection":[{"href":"https:\/\/www.cse.sn\/index.php?rest_route=\/wp\/v2\/pages"}],"about":[{"href":"https:\/\/www.cse.sn\/index.php?rest_route=\/wp\/v2\/types\/page"}],"author":[{"embeddable":true,"href":"https:\/\/www.cse.sn\/index.php?rest_route=\/wp\/v2\/users\/1"}],"replies":[{"embeddable":true,"href":"https:\/\/www.cse.sn\/index.php?rest_route=%2Fwp%2Fv2%2Fcomments&post=13914"}],"version-history":[{"count":7,"href":"https:\/\/www.cse.sn\/index.php?rest_route=\/wp\/v2\/pages\/13914\/revisions"}],"predecessor-version":[{"id":13924,"href":"https:\/\/www.cse.sn\/index.php?rest_route=\/wp\/v2\/pages\/13914\/revisions\/13924"}],"wp:attachment":[{"href":"https:\/\/www.cse.sn\/index.php?rest_route=%2Fwp%2Fv2%2Fmedia&parent=13914"}],"curies":[{"name":"wp","href":"https:\/\/api.w.org\/{rel}","templated":true}]}}