{"id":15125,"date":"2025-08-22T11:20:10","date_gmt":"2025-08-22T11:20:10","guid":{"rendered":"https:\/\/www.cse.sn\/?page_id=15125"},"modified":"2025-08-25T16:39:54","modified_gmt":"2025-08-25T16:39:54","slug":"appel-a-projets-paco-micro-projets-dadaptation-aux-changements-climatiques","status":"publish","type":"page","link":"https:\/\/www.cse.sn\/?page_id=15125","title":{"rendered":"APPEL \u00c0 PROJETS PACO : Micro-projets d&#8217;adaptation aux changements climatiques"},"content":{"rendered":"\t\t<div data-elementor-type=\"wp-page\" data-elementor-id=\"15125\" class=\"elementor elementor-15125\" data-elementor-post-type=\"page\">\n\t\t\t\t\t\t\t\t\t<section data-particle_enable=\"false\" data-particle-mobile-disabled=\"false\" class=\"elementor-section elementor-top-section elementor-element elementor-element-56e1a1bc elementor-section-boxed elementor-section-height-default elementor-section-height-default\" data-id=\"56e1a1bc\" data-element_type=\"section\">\n\t\t\t\t\t\t<div class=\"elementor-container elementor-column-gap-default\">\n\t\t\t\t\t<div class=\"elementor-column elementor-col-50 elementor-top-column elementor-element elementor-element-370343d1\" data-id=\"370343d1\" data-element_type=\"column\">\n\t\t\t<div class=\"elementor-widget-wrap elementor-element-populated\">\n\t\t\t\t\t\t\t\t<div class=\"elementor-element elementor-element-b96f4b6 elementor-widget elementor-widget-text-editor\" data-id=\"b96f4b6\" data-element_type=\"widget\" data-widget_type=\"text-editor.default\">\n\t\t\t\t<div class=\"elementor-widget-container\">\n\t\t\t<style>\/*! elementor - v3.17.0 - 08-11-2023 *\/\n.elementor-widget-text-editor.elementor-drop-cap-view-stacked .elementor-drop-cap{background-color:#69727d;color:#fff}.elementor-widget-text-editor.elementor-drop-cap-view-framed .elementor-drop-cap{color:#69727d;border:3px solid;background-color:transparent}.elementor-widget-text-editor:not(.elementor-drop-cap-view-default) .elementor-drop-cap{margin-top:8px}.elementor-widget-text-editor:not(.elementor-drop-cap-view-default) .elementor-drop-cap-letter{width:1em;height:1em}.elementor-widget-text-editor .elementor-drop-cap{float:left;text-align:center;line-height:1;font-size:50px}.elementor-widget-text-editor .elementor-drop-cap-letter{display:inline-block}<\/style>\t\t\t\t<p><!-- wp:paragraph --><\/p>\n<p>La Direction des Changements climatiques, de la Transition \u00e9cologique et des Financements verts (DCCTEFV) et le Centre de Suivi \u00c9cologique (CSE), dans le cadre du projet PACO (Mise en \u0153uvre des priorit\u00e9s r\u00e9gionales et nationales d&#8217;adaptation en Afrique Centrale et de l&#8217;Ouest), lancent un appel \u00e0 manifestation d&#8217;int\u00e9r\u00eat pour la s\u00e9lection de micro-projets innovants d&#8217;adaptation aux changements climatiques.<\/p>\n<p><!-- \/wp:paragraph --><!-- wp:paragraph --><\/p>\n<p><strong>Domaines d&#8217;intervention \u00e9ligibles<\/strong><\/p>\n<p><!-- \/wp:paragraph --><!-- wp:paragraph --><\/p>\n<p>Agriculture, Ressources en eau et P\u00eache<\/p>\n<p><!-- \/wp:paragraph --><!-- wp:paragraph --><\/p>\n<p><strong>Organisations \u00e9ligibles<\/strong><\/p>\n<ul>\n<li>Organisations non gouvernementales<\/li>\n<li>Groupements de producteurs<\/li>\n<li>Collectivit\u00e9s locales<\/li>\n<li>Petites et Moyennes Entreprises<\/li>\n<\/ul>\n<p><!-- \/wp:paragraph --><!-- wp:paragraph --><!-- \/wp:paragraph --><!-- wp:paragraph --><!-- \/wp:paragraph --><!-- wp:paragraph --><!-- \/wp:paragraph --><!-- wp:paragraph --><\/p>\n<p><strong>Financement disponible<\/strong><\/p>\n<p><!-- \/wp:paragraph --><!-- wp:paragraph --><\/p>\n<p>Montant maximal par projet : jusqu&#8217;\u00e0 140 000 euros<\/p>\n<p><!-- \/wp:paragraph --><!-- wp:paragraph --><\/p>\n<p>Dur\u00e9e maximale : 20 mois<\/p>\n<p><!-- \/wp:paragraph --><!-- wp:paragraph --><\/p>\n<p><strong>Modalit\u00e9s de candidature<\/strong><\/p>\n<p><!-- \/wp:paragraph --><!-- wp:paragraph --><\/p>\n<p>Les candidats sont invit\u00e9s \u00e0 t\u00e9l\u00e9charger et \u00e0 renseigner les documents suivants : Termes de R\u00e9f\u00e9rence (TDR) et Formulaire de candidature.<\/p>\n<p><!-- \/wp:paragraph --><!-- wp:paragraph --><\/p>\n<p><strong>Soumission des dossiers<\/strong><\/p>\n<p>Les dossiers peuvent \u00eatre transmis par voie \u00e9lectronique \u00e0\u00a0<a href=\"mailto:appelprojets.paco@cse.sn\">appelprojets.paco@cse.sn<\/a>\u00a0\u00a0ou d\u00e9pos\u00e9s physiquement \u00e0 la Direction du Changement Climatique, de la Transition \u00c9cologique et des Financements Verts.<\/p>\n<p><!-- \/wp:paragraph --><!-- wp:paragraph --><\/p>\n<p><strong>Date limite de soumission :\u00a0<\/strong><strong>22 septembre 2025<\/strong><\/p>\n<p><!-- \/wp:paragraph --><!-- wp:paragraph --><\/p>\n<p>Pour toute information compl\u00e9mentaire :\u00a0<a href=\"mailto:appelprojets.paco@cse.sn\">appelprojets.paco@cse.sn<\/a><\/p>\n<p><!-- \/wp:paragraph --><\/p>\t\t\t\t\t\t<\/div>\n\t\t\t\t<\/div>\n\t\t\t\t\t<\/div>\n\t\t<\/div>\n\t\t\t\t<div class=\"elementor-column elementor-col-50 elementor-top-column elementor-element elementor-element-5798926\" data-id=\"5798926\" data-element_type=\"column\">\n\t\t\t<div class=\"elementor-widget-wrap elementor-element-populated\">\n\t\t\t\t\t\t\t\t<div class=\"elementor-element elementor-element-93237b4 elementor-widget elementor-widget-wpfd_choose_category\" data-id=\"93237b4\" data-element_type=\"widget\" data-widget_type=\"wpfd_choose_category.default\">\n\t\t\t\t<div class=\"elementor-widget-container\">\n\t\t\t<div id=\"wpfd-elementor-category\" class=\"wpfd-elementor-category\"><div class=\"wpfd-content wpfd-content-default wpfd-content-multi\" data-category=\"84\"             style=\"background-color: rgba(255, 255, 255, 0)\"><input type=\"hidden\" id=\"current_category_84\" value=\"84\" \/>                    <input type=\"hidden\" id=\"current_category_slug_84\" value=\"appel-a-candidature-projet-paco\" \/>                    <input type=\"hidden\" id=\"current_ordering_84\" value=\"created_time\" \/>                    <input type=\"hidden\" id=\"current_ordering_direction_84\" value=\"desc\" \/>                    <input type=\"hidden\" id=\"page_limit_84\" value=\"50\" \/><input type=\"hidden\" id=\"wpfd_display_empty_category_message\" value=\"0\" \/><input type=\"hidden\" id=\"wpfd_empty_category_message_val\" value=\"Cette cat\u00e9gorie de fichiers n\" \/><input type=\"hidden\" id=\"wpfd_display_empty_folder\" value=\"0\" \/><input type=\"hidden\" id=\"wpfd_is_empty_subcategories\" value=\"1\" \/><input type=\"hidden\" id=\"wpfd_is_empty_files\" value=\"1\" \/><input type=\"hidden\" id=\"wpfd_root_category_id\" class=\"wpfd_root_category_id\" value=\"84\" \/><input type=\"hidden\" id=\"wpfd_root_category_theme\" class=\"wpfd_root_category_theme\" value=\"default\" \/><input type=\"hidden\" id=\"wpfd_root_category_clone_theme_type\" class=\"wpfd_root_category_clone_theme_type\" value=\"none\" \/><input type=\"hidden\" id=\"wpfd_root_category_type\" class=\"wpfd_root_category_type\" value=\"84\" \/>    <script type=\"text\/x-handlebars-template\" class=\"wpfd-template-files\">        {{#if files }}        <div class=\"wpfd_list\">            {{#each files}}            <div class=\"file {{ext}}\" style=\"margin : 10px 10px 10px 10px;\" data-id=\"{{ID}}\" data-catid=\"{{catid}}\">                <input type=\"hidden\" class=\"wpfd_file_preview_link_download\" value=\"{{linkdownload}}\" data-filetitle=\"{{post_title}}\" data-fileicons=\"ext ext-{{ext}} wpfd-icon-set-svg\" \/>                <div class=\"filecontent\">                    {{#if file_custom_icon}}                    <div class=\"icon-custom\"><img decoding=\"async\" src=\"{{file_custom_icon}}\" \/><\/div>                    {{else}}                    <div class=\"ext ext-{{ext}} wpfd-icon-set-svg\"><span class=\"txt\">{{ext}}<\/span><\/div>                    {{\/if}}<h3><a href=\"{{linkdownload}}\"  class=\"wpfd_downloadlink\" title=\"{{post_title}}\" target=\"{{#if remote_file}}_blank{{\/if}}\">{{{crop_title}}}<\/a><\/h3>                    <div class=\"file-xinfo\">                        {{#if description}}<div class=\"file-desc\">{{{description}}}<\/div>{{\/if}}{{#if versionNumber}}<div class=\"file-version\"><span>Version :<\/span> {{versionNumber}}<\/div>{{\/if}}<div class=\"file-size\"><span>Taille :<\/span> {{bytesToSize size}}<\/div><div class=\"file-hits\"><span>T\u00e9l\u00e9chargement :<\/span> {{hits}}<\/div>                    <\/div>                <\/div>                <span class=\"file-right\">                    <a class=\"downloadlink wpfd_downloadlink\"  href=\"{{linkdownload}}\" style=\"background-color:rgba(0, 153, 89, 1);color:#ffffff;\" target=\"{{#if remote_file}}_blank{{\/if}}\">T\u00e9l\u00e9charger<i class=\"zmdi zmdi-cloud-download wpfd-download\"><\/i><\/a>{{#if openpdflink}}<a class=\"openlink wpfdlightbox wpfd_previewlink\" href=\"{{openpdflink}}\" target=\"\">Aper\u00e7u                            <i class=\"zmdi zmdi-filter-center-focus wpfd-preview\"><\/i>                        <\/a>{{else}}{{#if viewerlink}}<a                            href=\"{{viewerlink}}\"                            class=\"openlink wpfdlightbox wpfd_previewlink\"                            target=\"\"                            data-id=\"{{ID}}\"                            data-catid=\"{{catid}}\"                            data-file-type=\"{{ext}}\">Aper\u00e7u<i class=\"zmdi zmdi-filter-center-focus wpfd-preview\"><\/i>                        <\/a>{{\/if}}{{\/if}}                <\/span>            <\/div>            {{\/each}}            <div class=\"file flex_span\" style=\"margin : 10px 10px 10px 10px;\"><\/div>        <\/div>        {{\/if}}    <\/script>    <div class=\"wpfd-container\">                <div class=\"wpfd-open-tree\"><\/div>        <div class=\"wpfd-container-default \">            <div class=\"wpfd-categories hide\"><div class=\"wpfd-category-desc\"><\/div><\/div>                            <div class=\"wpfd_list\">                                                                        <div class=\"file pdf\" style=\"margin : 10px 10px 10px 10px;\"                                 data-id=\"15180\"                                 data-catid=\"84\">                                                                <input type=\"hidden\" class=\"wpfd_file_preview_link_download\" value=\"https:\/\/www.cse.sn\/wp-admin\/admin-ajax.php?juwpfisadmin=false&amp;action=wpfd&amp;task=file.download&amp;wpfd_category_id=84&amp;wpfd_file_id=15180\"                                       data-filetitle=\"Formulaire de l&#039;appel \u00e0 projets PACO-Senegal\" data-fileicons=\"ext ext-pdf wpfd-icon-set-svg\" \/>                                <div class=\"filecontent\">                                    <div class=\"ext ext-pdf wpfd-icon-set-svg\"><span class=\"txt\">pdf<\/span><\/div><h3><a href=\"https:\/\/www.cse.sn\/wp-admin\/admin-ajax.php?juwpfisadmin=false&#038;action=wpfd&#038;task=file.download&#038;wpfd_category_id=84&#038;wpfd_file_id=15180\"  class=\"wpfd_downloadlink\" title=\"Formulaire de l&#039;appel \u00e0 projets PACO-Senegal\" target=\"\">Formulaire de l&#039;appel \u00e0 projets PACO-Senegal<\/a><\/h3>                                    <div class=\"file-xinfo\">                                        <div class=\"file-desc\"><\/div><div class=\"file-size\"><span>Taille :<\/span> 477.92 KB<\/div><div class=\"file-hits\"><span>T\u00e9l\u00e9chargement :<\/span> 401<\/div>                                    <\/div>                                <\/div>                                <div class=\"file-right\">                                    <a class=\"downloadlink wpfd_downloadlink\"  href=\"https:\/\/www.cse.sn\/wp-admin\/admin-ajax.php?juwpfisadmin=false&#038;action=wpfd&#038;task=file.download&#038;wpfd_category_id=84&#038;wpfd_file_id=15180\" style=\"background-color:rgba(0, 153, 89, 1);color:#ffffff;\" target=\"\">T\u00e9l\u00e9charger<i class=\"zmdi zmdi-cloud-download wpfd-download\"><\/i><\/a><a                            href=\"https:\/\/docs.google.com\/viewer?url=https%3A%2F%2Fwww.cse.sn%2Fwp-admin%2Fadmin-ajax.php%3Fjuwpfisadmin%3Dfalse%26action%3Dwpfd%26task%3Dfile.download%26wpfd_category_id%3D84%26wpfd_file_id%3D15180%26token%3D%26preview%3D1&#038;embedded=true\"                            class=\"openlink wpfdlightbox wpfd_previewlink\"                            target=\"\"                            data-id=\"15180\"                            data-catid=\"84\"                            data-file-type=\"pdf\">Aper\u00e7u<i class=\"zmdi zmdi-filter-center-focus wpfd-preview\"><\/i>                        <\/a>                                <\/div>                            <\/div>                                                                                                <div class=\"file pdf\" style=\"margin : 10px 10px 10px 10px;\"                                 data-id=\"15126\"                                 data-catid=\"84\">                                                                <input type=\"hidden\" class=\"wpfd_file_preview_link_download\" value=\"https:\/\/www.cse.sn\/wp-admin\/admin-ajax.php?juwpfisadmin=false&amp;action=wpfd&amp;task=file.download&amp;wpfd_category_id=84&amp;wpfd_file_id=15126\"                                       data-filetitle=\"TDR appel a\u0300 projet PACO\" data-fileicons=\"ext ext-pdf wpfd-icon-set-svg\" \/>                                <div class=\"filecontent\">                                    <div class=\"ext ext-pdf wpfd-icon-set-svg\"><span class=\"txt\">pdf<\/span><\/div><h3><a href=\"https:\/\/www.cse.sn\/wp-admin\/admin-ajax.php?juwpfisadmin=false&#038;action=wpfd&#038;task=file.download&#038;wpfd_category_id=84&#038;wpfd_file_id=15126\"  class=\"wpfd_downloadlink\" title=\"TDR appel a\u0300 projet PACO\" target=\"\">TDR appel a\u0300 projet PACO<\/a><\/h3>                                    <div class=\"file-xinfo\">                                        <div class=\"file-desc\"><\/div><div class=\"file-size\"><span>Taille :<\/span> 781.88 KB<\/div><div class=\"file-hits\"><span>T\u00e9l\u00e9chargement :<\/span> 397<\/div>                                    <\/div>                                <\/div>                                <div class=\"file-right\">                                    <a class=\"downloadlink wpfd_downloadlink\"  href=\"https:\/\/www.cse.sn\/wp-admin\/admin-ajax.php?juwpfisadmin=false&#038;action=wpfd&#038;task=file.download&#038;wpfd_category_id=84&#038;wpfd_file_id=15126\" style=\"background-color:rgba(0, 153, 89, 1);color:#ffffff;\" target=\"\">T\u00e9l\u00e9charger<i class=\"zmdi zmdi-cloud-download wpfd-download\"><\/i><\/a><a                            href=\"https:\/\/docs.google.com\/viewer?url=https%3A%2F%2Fwww.cse.sn%2Fwp-admin%2Fadmin-ajax.php%3Fjuwpfisadmin%3Dfalse%26action%3Dwpfd%26task%3Dfile.download%26wpfd_category_id%3D84%26wpfd_file_id%3D15126%26token%3D%26preview%3D1&#038;embedded=true\"                            class=\"openlink wpfdlightbox wpfd_previewlink\"                            target=\"\"                            data-id=\"15126\"                            data-catid=\"84\"                            data-file-type=\"pdf\">Aper\u00e7u<i class=\"zmdi zmdi-filter-center-focus wpfd-preview\"><\/i>                        <\/a>                                <\/div>                            <\/div>                                                                <div class=\"file flex_span\" style=\"margin : 10px 10px 10px 10px;\"><\/div>                <\/div>                                <\/div>    <\/div><\/div><\/div>\t\t<\/div>\n\t\t\t\t<\/div>\n\t\t\t\t\t<\/div>\n\t\t<\/div>\n\t\t\t\t\t\t\t<\/div>\n\t\t<\/section>\n\t\t\t\t\t\t\t<\/div>\n\t\t","protected":false},"excerpt":{"rendered":"<p>La Direction des Changements climatiques, de la Transition \u00e9cologique et des Financements verts (DCCTEFV) et le Centre de Suivi \u00c9cologique (CSE), dans le cadre du projet PACO (Mise en \u0153uvre des priorit\u00e9s r\u00e9gionales et nationales d&#8217;adaptation en Afrique Centrale et de l&#8217;Ouest), lancent un appel \u00e0 manifestation d&#8217;int\u00e9r\u00eat pour la s\u00e9lection de micro-projets innovants d&#8217;adaptation [&hellip;]<\/p>\n","protected":false},"author":4,"featured_media":0,"parent":0,"menu_order":0,"comment_status":"closed","ping_status":"closed","template":"","meta":{"inline_featured_image":false,"cybocfi_hide_featured_image":"","footnotes":""},"class_list":["post-15125","page","type-page","status-publish","hentry"],"yoast_head":"<!-- This site is optimized with the Yoast SEO plugin v27.3 - https:\/\/yoast.com\/product\/yoast-seo-wordpress\/ -->\n<title>APPEL \u00c0 PROJETS PACO : Micro-projets d&#039;adaptation aux changements climatiques - Centre de Suivi \u00c9cologique<\/title>\n<meta name=\"robots\" content=\"index, follow, max-snippet:-1, max-image-preview:large, max-video-preview:-1\" \/>\n<link rel=\"canonical\" href=\"https:\/\/www.cse.sn\/?page_id=15125\" \/>\n<meta property=\"og:locale\" content=\"fr_FR\" \/>\n<meta property=\"og:type\" content=\"article\" \/>\n<meta property=\"og:title\" content=\"APPEL \u00c0 PROJETS PACO : Micro-projets d&#039;adaptation aux changements climatiques - Centre de Suivi \u00c9cologique\" \/>\n<meta property=\"og:description\" content=\"La Direction des Changements climatiques, de la Transition \u00e9cologique et des Financements verts (DCCTEFV) et le Centre de Suivi \u00c9cologique (CSE), dans le cadre du projet PACO (Mise en \u0153uvre des priorit\u00e9s r\u00e9gionales et nationales d&#8217;adaptation en Afrique Centrale et de l&#8217;Ouest), lancent un appel \u00e0 manifestation d&#8217;int\u00e9r\u00eat pour la s\u00e9lection de micro-projets innovants d&#8217;adaptation [&hellip;]\" \/>\n<meta property=\"og:url\" content=\"https:\/\/www.cse.sn\/?page_id=15125\" \/>\n<meta property=\"og:site_name\" content=\"Centre de Suivi \u00c9cologique\" \/>\n<meta property=\"article:modified_time\" content=\"2025-08-25T16:39:54+00:00\" \/>\n<meta name=\"twitter:card\" content=\"summary_large_image\" \/>\n<meta name=\"twitter:label1\" content=\"Dur\u00e9e de lecture estim\u00e9e\" \/>\n\t<meta name=\"twitter:data1\" content=\"1 minute\" \/>\n<script type=\"application\/ld+json\" class=\"yoast-schema-graph\">{\"@context\":\"https:\\\/\\\/schema.org\",\"@graph\":[{\"@type\":\"WebPage\",\"@id\":\"https:\\\/\\\/www.cse.sn\\\/?page_id=15125\",\"url\":\"https:\\\/\\\/www.cse.sn\\\/?page_id=15125\",\"name\":\"APPEL \u00c0 PROJETS PACO : Micro-projets d'adaptation aux changements climatiques - Centre de Suivi \u00c9cologique\",\"isPartOf\":{\"@id\":\"https:\\\/\\\/www.cse.sn\\\/#website\"},\"datePublished\":\"2025-08-22T11:20:10+00:00\",\"dateModified\":\"2025-08-25T16:39:54+00:00\",\"inLanguage\":\"fr-FR\",\"potentialAction\":[{\"@type\":\"ReadAction\",\"target\":[\"https:\\\/\\\/www.cse.sn\\\/?page_id=15125\"]}]},{\"@type\":\"WebSite\",\"@id\":\"https:\\\/\\\/www.cse.sn\\\/#website\",\"url\":\"https:\\\/\\\/www.cse.sn\\\/\",\"name\":\"Centre de Suivi \u00c9cologique\",\"description\":\"\",\"publisher\":{\"@id\":\"https:\\\/\\\/www.cse.sn\\\/#organization\"},\"potentialAction\":[{\"@type\":\"SearchAction\",\"target\":{\"@type\":\"EntryPoint\",\"urlTemplate\":\"https:\\\/\\\/www.cse.sn\\\/?s={search_term_string}\"},\"query-input\":{\"@type\":\"PropertyValueSpecification\",\"valueRequired\":true,\"valueName\":\"search_term_string\"}}],\"inLanguage\":\"fr-FR\"},{\"@type\":\"Organization\",\"@id\":\"https:\\\/\\\/www.cse.sn\\\/#organization\",\"name\":\"Centre de Suivi \u00c9cologique\",\"url\":\"https:\\\/\\\/www.cse.sn\\\/\",\"logo\":{\"@type\":\"ImageObject\",\"inLanguage\":\"fr-FR\",\"@id\":\"https:\\\/\\\/www.cse.sn\\\/#\\\/schema\\\/logo\\\/image\\\/\",\"url\":\"https:\\\/\\\/www.cse.sn\\\/wp-content\\\/uploads\\\/2023\\\/03\\\/logo-cse-siteweb.png\",\"contentUrl\":\"https:\\\/\\\/www.cse.sn\\\/wp-content\\\/uploads\\\/2023\\\/03\\\/logo-cse-siteweb.png\",\"width\":234,\"height\":90,\"caption\":\"Centre de Suivi \u00c9cologique\"},\"image\":{\"@id\":\"https:\\\/\\\/www.cse.sn\\\/#\\\/schema\\\/logo\\\/image\\\/\"}}]}<\/script>\n<!-- \/ Yoast SEO plugin. -->","yoast_head_json":{"title":"APPEL \u00c0 PROJETS PACO : Micro-projets d'adaptation aux changements climatiques - Centre de Suivi \u00c9cologique","robots":{"index":"index","follow":"follow","max-snippet":"max-snippet:-1","max-image-preview":"max-image-preview:large","max-video-preview":"max-video-preview:-1"},"canonical":"https:\/\/www.cse.sn\/?page_id=15125","og_locale":"fr_FR","og_type":"article","og_title":"APPEL \u00c0 PROJETS PACO : Micro-projets d'adaptation aux changements climatiques - Centre de Suivi \u00c9cologique","og_description":"La Direction des Changements climatiques, de la Transition \u00e9cologique et des Financements verts (DCCTEFV) et le Centre de Suivi \u00c9cologique (CSE), dans le cadre du projet PACO (Mise en \u0153uvre des priorit\u00e9s r\u00e9gionales et nationales d&#8217;adaptation en Afrique Centrale et de l&#8217;Ouest), lancent un appel \u00e0 manifestation d&#8217;int\u00e9r\u00eat pour la s\u00e9lection de micro-projets innovants d&#8217;adaptation [&hellip;]","og_url":"https:\/\/www.cse.sn\/?page_id=15125","og_site_name":"Centre de Suivi \u00c9cologique","article_modified_time":"2025-08-25T16:39:54+00:00","twitter_card":"summary_large_image","twitter_misc":{"Dur\u00e9e de lecture estim\u00e9e":"1 minute"},"schema":{"@context":"https:\/\/schema.org","@graph":[{"@type":"WebPage","@id":"https:\/\/www.cse.sn\/?page_id=15125","url":"https:\/\/www.cse.sn\/?page_id=15125","name":"APPEL \u00c0 PROJETS PACO : Micro-projets d'adaptation aux changements climatiques - Centre de Suivi \u00c9cologique","isPartOf":{"@id":"https:\/\/www.cse.sn\/#website"},"datePublished":"2025-08-22T11:20:10+00:00","dateModified":"2025-08-25T16:39:54+00:00","inLanguage":"fr-FR","potentialAction":[{"@type":"ReadAction","target":["https:\/\/www.cse.sn\/?page_id=15125"]}]},{"@type":"WebSite","@id":"https:\/\/www.cse.sn\/#website","url":"https:\/\/www.cse.sn\/","name":"Centre de Suivi \u00c9cologique","description":"","publisher":{"@id":"https:\/\/www.cse.sn\/#organization"},"potentialAction":[{"@type":"SearchAction","target":{"@type":"EntryPoint","urlTemplate":"https:\/\/www.cse.sn\/?s={search_term_string}"},"query-input":{"@type":"PropertyValueSpecification","valueRequired":true,"valueName":"search_term_string"}}],"inLanguage":"fr-FR"},{"@type":"Organization","@id":"https:\/\/www.cse.sn\/#organization","name":"Centre de Suivi \u00c9cologique","url":"https:\/\/www.cse.sn\/","logo":{"@type":"ImageObject","inLanguage":"fr-FR","@id":"https:\/\/www.cse.sn\/#\/schema\/logo\/image\/","url":"https:\/\/www.cse.sn\/wp-content\/uploads\/2023\/03\/logo-cse-siteweb.png","contentUrl":"https:\/\/www.cse.sn\/wp-content\/uploads\/2023\/03\/logo-cse-siteweb.png","width":234,"height":90,"caption":"Centre de Suivi \u00c9cologique"},"image":{"@id":"https:\/\/www.cse.sn\/#\/schema\/logo\/image\/"}}]}},"_links":{"self":[{"href":"https:\/\/www.cse.sn\/index.php?rest_route=\/wp\/v2\/pages\/15125","targetHints":{"allow":["GET"]}}],"collection":[{"href":"https:\/\/www.cse.sn\/index.php?rest_route=\/wp\/v2\/pages"}],"about":[{"href":"https:\/\/www.cse.sn\/index.php?rest_route=\/wp\/v2\/types\/page"}],"author":[{"embeddable":true,"href":"https:\/\/www.cse.sn\/index.php?rest_route=\/wp\/v2\/users\/4"}],"replies":[{"embeddable":true,"href":"https:\/\/www.cse.sn\/index.php?rest_route=%2Fwp%2Fv2%2Fcomments&post=15125"}],"version-history":[{"count":9,"href":"https:\/\/www.cse.sn\/index.php?rest_route=\/wp\/v2\/pages\/15125\/revisions"}],"predecessor-version":[{"id":15186,"href":"https:\/\/www.cse.sn\/index.php?rest_route=\/wp\/v2\/pages\/15125\/revisions\/15186"}],"wp:attachment":[{"href":"https:\/\/www.cse.sn\/index.php?rest_route=%2Fwp%2Fv2%2Fmedia&parent=15125"}],"curies":[{"name":"wp","href":"https:\/\/api.w.org\/{rel}","templated":true}]}}