{"id":9811,"date":"2023-03-17T22:58:03","date_gmt":"2023-03-17T21:58:03","guid":{"rendered":"https:\/\/www.cse.sn\/?page_id=9811"},"modified":"2023-12-04T17:44:59","modified_gmt":"2023-12-04T16:44:59","slug":"a-propos-du-cse","status":"publish","type":"page","link":"https:\/\/www.cse.sn\/?page_id=9811","title":{"rendered":"A propos du CSE"},"content":{"rendered":"\t\t<div data-elementor-type=\"wp-page\" data-elementor-id=\"9811\" class=\"elementor elementor-9811\" data-elementor-post-type=\"page\">\n\t\t\t\t\t\t\t\t\t<section data-particle_enable=\"false\" data-particle-mobile-disabled=\"false\" class=\"elementor-section elementor-top-section elementor-element elementor-element-7ced063 elementor-section-boxed elementor-section-height-default elementor-section-height-default\" data-id=\"7ced063\" data-element_type=\"section\">\n\t\t\t\t\t\t<div class=\"elementor-container elementor-column-gap-default\">\n\t\t\t\t\t<div class=\"elementor-column elementor-col-33 elementor-top-column elementor-element elementor-element-1dd048d\" data-id=\"1dd048d\" data-element_type=\"column\">\n\t\t\t<div class=\"elementor-widget-wrap elementor-element-populated\">\n\t\t\t\t\t\t\t\t<div class=\"elementor-element elementor-element-1e5ab6d elementor-widget elementor-widget-image\" data-id=\"1e5ab6d\" data-element_type=\"widget\" data-widget_type=\"image.default\">\n\t\t\t\t<div class=\"elementor-widget-container\">\n\t\t\t<style>\/*! elementor - v3.17.0 - 08-11-2023 *\/\n.elementor-widget-image{text-align:center}.elementor-widget-image a{display:inline-block}.elementor-widget-image a img[src$=\".svg\"]{width:48px}.elementor-widget-image img{vertical-align:middle;display:inline-block}<\/style>\t\t\t\t\t\t\t\t\t\t\t\t<img loading=\"lazy\" decoding=\"async\" width=\"800\" height=\"723\" src=\"https:\/\/www.cse.sn\/wp-content\/uploads\/2023\/03\/a-propos-cse.jpg\" class=\"attachment-large size-large wp-image-10371\" alt=\"\" srcset=\"https:\/\/www.cse.sn\/wp-content\/uploads\/2023\/03\/a-propos-cse.jpg 1000w, https:\/\/www.cse.sn\/wp-content\/uploads\/2023\/03\/a-propos-cse-300x271.jpg 300w, https:\/\/www.cse.sn\/wp-content\/uploads\/2023\/03\/a-propos-cse-768x694.jpg 768w, https:\/\/www.cse.sn\/wp-content\/uploads\/2023\/03\/a-propos-cse-450x407.jpg 450w, https:\/\/www.cse.sn\/wp-content\/uploads\/2023\/03\/a-propos-cse-800x723.jpg 800w\" sizes=\"auto, (max-width: 800px) 100vw, 800px\" \/>\t\t\t\t\t\t\t\t\t\t\t\t\t\t\t<\/div>\n\t\t\t\t<\/div>\n\t\t\t\t\t<\/div>\n\t\t<\/div>\n\t\t\t\t<div class=\"elementor-column elementor-col-66 elementor-top-column elementor-element elementor-element-1d8f12f\" data-id=\"1d8f12f\" data-element_type=\"column\">\n\t\t\t<div class=\"elementor-widget-wrap elementor-element-populated\">\n\t\t\t\t\t\t\t\t<div class=\"elementor-element elementor-element-574df39 elementor-widget elementor-widget-text-editor\" data-id=\"574df39\" data-element_type=\"widget\" data-widget_type=\"text-editor.default\">\n\t\t\t\t<div class=\"elementor-widget-container\">\n\t\t\t<style>\/*! elementor - v3.17.0 - 08-11-2023 *\/\n.elementor-widget-text-editor.elementor-drop-cap-view-stacked .elementor-drop-cap{background-color:#69727d;color:#fff}.elementor-widget-text-editor.elementor-drop-cap-view-framed .elementor-drop-cap{color:#69727d;border:3px solid;background-color:transparent}.elementor-widget-text-editor:not(.elementor-drop-cap-view-default) .elementor-drop-cap{margin-top:8px}.elementor-widget-text-editor:not(.elementor-drop-cap-view-default) .elementor-drop-cap-letter{width:1em;height:1em}.elementor-widget-text-editor .elementor-drop-cap{float:left;text-align:center;line-height:1;font-size:50px}.elementor-widget-text-editor .elementor-drop-cap-letter{display:inline-block}<\/style>\t\t\t\t<p>Cr\u00e9\u00e9 en 1986, le Centre de Suivi Ecologique (CSE) a d\u2019abord fonctionn\u00e9 sous forme de projet avant de devenir\u00a0une association d\u2019utilit\u00e9 publique en 1993. Les membres fondateurs de cette entit\u00e9 sont l\u2019Etat du S\u00e9n\u00e9gal, les partenaires techniques et financiers actifs dans l\u2019environnement, les collectivit\u00e9s locales, les universit\u00e9s, les instituts et centres de recherche, la soci\u00e9t\u00e9 civile, etc.\u00a0 Plac\u00e9 sous la tutelle technique du Minist\u00e8re en charge de l\u2019Environnement, il est dot\u00e9 d\u2019une personnalit\u00e9 morale lui permettant de jouir d\u2019une autonomie administrative et financi\u00e8re.<\/p><p>Le CSE a pour mission\u00a0de\u00a0<strong>\u00ab\u00a0<\/strong><em><strong>contribuer \u00e0 la connaissance et \u00e0 la gestion durable des ressources naturelles et de l\u2019environnement, par la production et la diffusion de produits et de services d\u2019aide \u00e0 la d\u00e9cision pour notamment l\u2019Etat, les collectivit\u00e9s locales, le secteur priv\u00e9, la soci\u00e9t\u00e9 civile, les institutions de recherche et de d\u00e9veloppement, les organisations de producteurs et les partenaires au d\u00e9veloppement<\/strong><\/em><strong>\u00a0\u00bb.<\/strong>\u00a0<\/p><p>A ce titre, les interventions du CSE couvrent des domaines vari\u00e9s tels que l\u2019appui \u00e0 l\u2019am\u00e9nagement du territoire et \u00e0 la gestion urbaine, le soutien scientifique et technique \u00e0 la gestion durable des terres, l\u2019appui \u00e0 la gestion d\u00e9centralis\u00e9e des ressources naturelles, les \u00e9valuations environnementales et sociales, le suivi des efforts de lutte contre la pauvret\u00e9, l\u2019appui \u00e0 la lutte contre les changements climatiques.<\/p>\t\t\t\t\t\t<\/div>\n\t\t\t\t<\/div>\n\t\t\t\t\t<\/div>\n\t\t<\/div>\n\t\t\t\t\t\t\t<\/div>\n\t\t<\/section>\n\t\t\t\t\t\t\t<\/div>\n\t\t","protected":false},"excerpt":{"rendered":"<p>Cr\u00e9\u00e9 en 1986, le Centre de Suivi Ecologique (CSE) a d\u2019abord fonctionn\u00e9 sous forme de projet avant de devenir\u00a0une association d\u2019utilit\u00e9 publique en 1993. Les membres fondateurs de cette entit\u00e9 sont l\u2019Etat du S\u00e9n\u00e9gal, les partenaires techniques et financiers actifs dans l\u2019environnement, les collectivit\u00e9s locales, les universit\u00e9s, les instituts et centres de recherche, la soci\u00e9t\u00e9 [&hellip;]<\/p>\n","protected":false},"author":1,"featured_media":0,"parent":0,"menu_order":0,"comment_status":"closed","ping_status":"closed","template":"","meta":{"inline_featured_image":false,"cybocfi_hide_featured_image":"","footnotes":""},"class_list":["post-9811","page","type-page","status-publish","hentry"],"yoast_head":"<!-- This site is optimized with the Yoast SEO plugin v27.5 - https:\/\/yoast.com\/product\/yoast-seo-wordpress\/ -->\n<title>A propos du CSE - Centre de Suivi \u00c9cologique<\/title>\n<meta name=\"robots\" content=\"index, follow, max-snippet:-1, max-image-preview:large, max-video-preview:-1\" \/>\n<link rel=\"canonical\" href=\"https:\/\/www.cse.sn\/?page_id=9811\" \/>\n<meta property=\"og:locale\" content=\"fr_FR\" \/>\n<meta property=\"og:type\" content=\"article\" \/>\n<meta property=\"og:title\" content=\"A propos du CSE - Centre de Suivi \u00c9cologique\" \/>\n<meta property=\"og:description\" content=\"Cr\u00e9\u00e9 en 1986, le Centre de Suivi Ecologique (CSE) a d\u2019abord fonctionn\u00e9 sous forme de projet avant de devenir\u00a0une association d\u2019utilit\u00e9 publique en 1993. Les membres fondateurs de cette entit\u00e9 sont l\u2019Etat du S\u00e9n\u00e9gal, les partenaires techniques et financiers actifs dans l\u2019environnement, les collectivit\u00e9s locales, les universit\u00e9s, les instituts et centres de recherche, la soci\u00e9t\u00e9 [&hellip;]\" \/>\n<meta property=\"og:url\" content=\"https:\/\/www.cse.sn\/?page_id=9811\" \/>\n<meta property=\"og:site_name\" content=\"Centre de Suivi \u00c9cologique\" \/>\n<meta property=\"article:modified_time\" content=\"2023-12-04T16:44:59+00:00\" \/>\n<meta property=\"og:image\" content=\"https:\/\/www.cse.sn\/wp-content\/uploads\/2023\/03\/a-propos-cse.jpg\" \/>\n<meta name=\"twitter:card\" content=\"summary_large_image\" \/>\n<meta name=\"twitter:label1\" content=\"Dur\u00e9e de lecture estim\u00e9e\" \/>\n\t<meta name=\"twitter:data1\" content=\"1 minute\" \/>\n<script type=\"application\/ld+json\" class=\"yoast-schema-graph\">{\"@context\":\"https:\\\/\\\/schema.org\",\"@graph\":[{\"@type\":\"WebPage\",\"@id\":\"https:\\\/\\\/www.cse.sn\\\/?page_id=9811\",\"url\":\"https:\\\/\\\/www.cse.sn\\\/?page_id=9811\",\"name\":\"A propos du CSE - Centre de Suivi \u00c9cologique\",\"isPartOf\":{\"@id\":\"https:\\\/\\\/www.cse.sn\\\/#website\"},\"primaryImageOfPage\":{\"@id\":\"https:\\\/\\\/www.cse.sn\\\/?page_id=9811#primaryimage\"},\"image\":{\"@id\":\"https:\\\/\\\/www.cse.sn\\\/?page_id=9811#primaryimage\"},\"thumbnailUrl\":\"https:\\\/\\\/www.cse.sn\\\/wp-content\\\/uploads\\\/2023\\\/03\\\/a-propos-cse.jpg\",\"datePublished\":\"2023-03-17T21:58:03+00:00\",\"dateModified\":\"2023-12-04T16:44:59+00:00\",\"inLanguage\":\"fr-FR\",\"potentialAction\":[{\"@type\":\"ReadAction\",\"target\":[\"https:\\\/\\\/www.cse.sn\\\/?page_id=9811\"]}]},{\"@type\":\"ImageObject\",\"inLanguage\":\"fr-FR\",\"@id\":\"https:\\\/\\\/www.cse.sn\\\/?page_id=9811#primaryimage\",\"url\":\"https:\\\/\\\/www.cse.sn\\\/wp-content\\\/uploads\\\/2023\\\/03\\\/a-propos-cse.jpg\",\"contentUrl\":\"https:\\\/\\\/www.cse.sn\\\/wp-content\\\/uploads\\\/2023\\\/03\\\/a-propos-cse.jpg\",\"width\":1000,\"height\":904},{\"@type\":\"WebSite\",\"@id\":\"https:\\\/\\\/www.cse.sn\\\/#website\",\"url\":\"https:\\\/\\\/www.cse.sn\\\/\",\"name\":\"Centre de Suivi \u00c9cologique\",\"description\":\"\",\"publisher\":{\"@id\":\"https:\\\/\\\/www.cse.sn\\\/#organization\"},\"potentialAction\":[{\"@type\":\"SearchAction\",\"target\":{\"@type\":\"EntryPoint\",\"urlTemplate\":\"https:\\\/\\\/www.cse.sn\\\/?s={search_term_string}\"},\"query-input\":{\"@type\":\"PropertyValueSpecification\",\"valueRequired\":true,\"valueName\":\"search_term_string\"}}],\"inLanguage\":\"fr-FR\"},{\"@type\":\"Organization\",\"@id\":\"https:\\\/\\\/www.cse.sn\\\/#organization\",\"name\":\"Centre de Suivi \u00c9cologique\",\"url\":\"https:\\\/\\\/www.cse.sn\\\/\",\"logo\":{\"@type\":\"ImageObject\",\"inLanguage\":\"fr-FR\",\"@id\":\"https:\\\/\\\/www.cse.sn\\\/#\\\/schema\\\/logo\\\/image\\\/\",\"url\":\"https:\\\/\\\/www.cse.sn\\\/wp-content\\\/uploads\\\/2023\\\/03\\\/logo-cse-siteweb.png\",\"contentUrl\":\"https:\\\/\\\/www.cse.sn\\\/wp-content\\\/uploads\\\/2023\\\/03\\\/logo-cse-siteweb.png\",\"width\":234,\"height\":90,\"caption\":\"Centre de Suivi \u00c9cologique\"},\"image\":{\"@id\":\"https:\\\/\\\/www.cse.sn\\\/#\\\/schema\\\/logo\\\/image\\\/\"}}]}<\/script>\n<!-- \/ Yoast SEO plugin. -->","yoast_head_json":{"title":"A propos du CSE - Centre de Suivi \u00c9cologique","robots":{"index":"index","follow":"follow","max-snippet":"max-snippet:-1","max-image-preview":"max-image-preview:large","max-video-preview":"max-video-preview:-1"},"canonical":"https:\/\/www.cse.sn\/?page_id=9811","og_locale":"fr_FR","og_type":"article","og_title":"A propos du CSE - Centre de Suivi \u00c9cologique","og_description":"Cr\u00e9\u00e9 en 1986, le Centre de Suivi Ecologique (CSE) a d\u2019abord fonctionn\u00e9 sous forme de projet avant de devenir\u00a0une association d\u2019utilit\u00e9 publique en 1993. Les membres fondateurs de cette entit\u00e9 sont l\u2019Etat du S\u00e9n\u00e9gal, les partenaires techniques et financiers actifs dans l\u2019environnement, les collectivit\u00e9s locales, les universit\u00e9s, les instituts et centres de recherche, la soci\u00e9t\u00e9 [&hellip;]","og_url":"https:\/\/www.cse.sn\/?page_id=9811","og_site_name":"Centre de Suivi \u00c9cologique","article_modified_time":"2023-12-04T16:44:59+00:00","og_image":[{"url":"https:\/\/www.cse.sn\/wp-content\/uploads\/2023\/03\/a-propos-cse.jpg","type":"","width":"","height":""}],"twitter_card":"summary_large_image","twitter_misc":{"Dur\u00e9e de lecture estim\u00e9e":"1 minute"},"schema":{"@context":"https:\/\/schema.org","@graph":[{"@type":"WebPage","@id":"https:\/\/www.cse.sn\/?page_id=9811","url":"https:\/\/www.cse.sn\/?page_id=9811","name":"A propos du CSE - Centre de Suivi \u00c9cologique","isPartOf":{"@id":"https:\/\/www.cse.sn\/#website"},"primaryImageOfPage":{"@id":"https:\/\/www.cse.sn\/?page_id=9811#primaryimage"},"image":{"@id":"https:\/\/www.cse.sn\/?page_id=9811#primaryimage"},"thumbnailUrl":"https:\/\/www.cse.sn\/wp-content\/uploads\/2023\/03\/a-propos-cse.jpg","datePublished":"2023-03-17T21:58:03+00:00","dateModified":"2023-12-04T16:44:59+00:00","inLanguage":"fr-FR","potentialAction":[{"@type":"ReadAction","target":["https:\/\/www.cse.sn\/?page_id=9811"]}]},{"@type":"ImageObject","inLanguage":"fr-FR","@id":"https:\/\/www.cse.sn\/?page_id=9811#primaryimage","url":"https:\/\/www.cse.sn\/wp-content\/uploads\/2023\/03\/a-propos-cse.jpg","contentUrl":"https:\/\/www.cse.sn\/wp-content\/uploads\/2023\/03\/a-propos-cse.jpg","width":1000,"height":904},{"@type":"WebSite","@id":"https:\/\/www.cse.sn\/#website","url":"https:\/\/www.cse.sn\/","name":"Centre de Suivi \u00c9cologique","description":"","publisher":{"@id":"https:\/\/www.cse.sn\/#organization"},"potentialAction":[{"@type":"SearchAction","target":{"@type":"EntryPoint","urlTemplate":"https:\/\/www.cse.sn\/?s={search_term_string}"},"query-input":{"@type":"PropertyValueSpecification","valueRequired":true,"valueName":"search_term_string"}}],"inLanguage":"fr-FR"},{"@type":"Organization","@id":"https:\/\/www.cse.sn\/#organization","name":"Centre de Suivi \u00c9cologique","url":"https:\/\/www.cse.sn\/","logo":{"@type":"ImageObject","inLanguage":"fr-FR","@id":"https:\/\/www.cse.sn\/#\/schema\/logo\/image\/","url":"https:\/\/www.cse.sn\/wp-content\/uploads\/2023\/03\/logo-cse-siteweb.png","contentUrl":"https:\/\/www.cse.sn\/wp-content\/uploads\/2023\/03\/logo-cse-siteweb.png","width":234,"height":90,"caption":"Centre de Suivi \u00c9cologique"},"image":{"@id":"https:\/\/www.cse.sn\/#\/schema\/logo\/image\/"}}]}},"_links":{"self":[{"href":"https:\/\/www.cse.sn\/index.php?rest_route=\/wp\/v2\/pages\/9811","targetHints":{"allow":["GET"]}}],"collection":[{"href":"https:\/\/www.cse.sn\/index.php?rest_route=\/wp\/v2\/pages"}],"about":[{"href":"https:\/\/www.cse.sn\/index.php?rest_route=\/wp\/v2\/types\/page"}],"author":[{"embeddable":true,"href":"https:\/\/www.cse.sn\/index.php?rest_route=\/wp\/v2\/users\/1"}],"replies":[{"embeddable":true,"href":"https:\/\/www.cse.sn\/index.php?rest_route=%2Fwp%2Fv2%2Fcomments&post=9811"}],"version-history":[{"count":25,"href":"https:\/\/www.cse.sn\/index.php?rest_route=\/wp\/v2\/pages\/9811\/revisions"}],"predecessor-version":[{"id":10393,"href":"https:\/\/www.cse.sn\/index.php?rest_route=\/wp\/v2\/pages\/9811\/revisions\/10393"}],"wp:attachment":[{"href":"https:\/\/www.cse.sn\/index.php?rest_route=%2Fwp%2Fv2%2Fmedia&parent=9811"}],"curies":[{"name":"wp","href":"https:\/\/api.w.org\/{rel}","templated":true}]}}