{"id":9835,"date":"2023-03-17T23:10:34","date_gmt":"2023-03-17T22:10:34","guid":{"rendered":"https:\/\/www.cse.sn\/?page_id=9835"},"modified":"2023-03-21T15:01:29","modified_gmt":"2023-03-21T14:01:29","slug":"socio-economie-et-appuie-au-developpement-locale","status":"publish","type":"page","link":"https:\/\/www.cse.sn\/?page_id=9835","title":{"rendered":"Socio-\u00e9conomie et appuie au d\u00e9veloppement locale"},"content":{"rendered":"\t\t<div data-elementor-type=\"wp-page\" data-elementor-id=\"9835\" class=\"elementor elementor-9835\" data-elementor-post-type=\"page\">\n\t\t\t\t\t\t\t\t\t<section data-particle_enable=\"false\" data-particle-mobile-disabled=\"false\" class=\"elementor-section elementor-top-section elementor-element elementor-element-9356df1 elementor-section-boxed elementor-section-height-default elementor-section-height-default\" data-id=\"9356df1\" data-element_type=\"section\">\n\t\t\t\t\t\t<div class=\"elementor-container elementor-column-gap-default\">\n\t\t\t\t\t<div class=\"elementor-column elementor-col-100 elementor-top-column elementor-element elementor-element-060f34a\" data-id=\"060f34a\" data-element_type=\"column\">\n\t\t\t<div class=\"elementor-widget-wrap elementor-element-populated\">\n\t\t\t\t\t\t\t\t<div class=\"elementor-element elementor-element-ddf27b5 elementor-widget elementor-widget-eael-adv-tabs\" data-id=\"ddf27b5\" data-element_type=\"widget\" data-widget_type=\"eael-adv-tabs.default\">\n\t\t\t\t<div class=\"elementor-widget-container\">\n\t\t\t        <div id=\"eael-advance-tabs-ddf27b5\" class=\"eael-advance-tabs eael-tabs-vertical eael-tab-auto-active\" data-tabid=\"ddf27b5\">\n            <div class=\"eael-tabs-nav\">\n                <ul class=\"eael-tab-inline-icon\">\n                                            <li id=\"mission\" class=\"inactive eael-tab-item-trigger\" aria-selected=\"true\" data-tab=\"1\" role=\"tab\" tabindex=\"0\" aria-controls=\"mission-tab\" aria-expanded=\"false\">\n                            \n                                                                <i class=\"fas fa-leaf\"><\/i>                                                            \n                                                            <span class=\"eael-tab-title  title-after-icon\">Mission<\/span>                            \n                                                    <\/li>\n                                            <li id=\"objectifs\" class=\"inactive eael-tab-item-trigger\" aria-selected=\"false\" data-tab=\"2\" role=\"tab\" tabindex=\"-1\" aria-controls=\"objectifs-tab\" aria-expanded=\"false\">\n                            \n                                                                <img decoding=\"async\" src=\"https:\/\/www.cse.sn\/wp-content\/uploads\/2023\/03\/icons8-objectif-50.png\" alt=\"\">\n                                                            \n                                                            <span class=\"eael-tab-title  title-after-icon\">Objectifs<\/span>                            \n                                                    <\/li>\n                                            <li id=\"projetsprogrammes\" class=\"inactive eael-tab-item-trigger\" aria-selected=\"false\" data-tab=\"3\" role=\"tab\" tabindex=\"-1\" aria-controls=\"projetsprogrammes-tab\" aria-expanded=\"false\">\n                            \n                                                                <i class=\"fas fa-project-diagram\"><\/i>                                                            \n                                                            <span class=\"eael-tab-title  title-after-icon\">Projets\/programmes\u00a0<\/span>                            \n                                                    <\/li>\n                                            <li id=\"ralisations-rcentes-\" class=\"inactive eael-tab-item-trigger\" aria-selected=\"false\" data-tab=\"4\" role=\"tab\" tabindex=\"-1\" aria-controls=\"ralisations-rcentes--tab\" aria-expanded=\"false\">\n                            \n                                                                <img decoding=\"async\" src=\"https:\/\/www.cse.sn\/wp-content\/uploads\/2023\/03\/icons8-good-64.png\" alt=\"\">\n                                                            \n                                                            <span class=\"eael-tab-title  title-after-icon\">R\u00e9alisations r\u00e9centes <\/span>                            \n                                                    <\/li>\n                                            <li id=\"perspectives\" class=\"inactive eael-tab-item-trigger\" aria-selected=\"false\" data-tab=\"5\" role=\"tab\" tabindex=\"-1\" aria-controls=\"perspectives-tab\" aria-expanded=\"false\">\n                            \n                                                                <i class=\"far fa-eye\"><\/i>                                                            \n                                                            <span class=\"eael-tab-title  title-after-icon\">Perspectives<\/span>                            \n                                                    <\/li>\n                                    <\/ul>\n            <\/div>\n            \n            <div class=\"eael-tabs-content\">\n\t\t        \n                    <div id=\"mission-tab\" class=\"clearfix eael-tab-content-item inactive\" data-title-link=\"mission-tab\">\n\t\t\t\t        \t\t\t\t\t        <p>Informer sur l\u2019\u00e9tat et les tendances \u00e9volutives des \u00e9cosyst\u00e8mes naturels et du bien-\u00eatre humain, par la prise en compte \u00e0 la fois des dimensions \u00e9cologique, sociale et \u00e9conomique dans une perspective de d\u00e9veloppement durable et d\u2019\u00e9mergence \u00e9conomique et sociale.\u00a0<\/p>\t\t\t\t                            <\/div>\n\t\t        \n                    <div id=\"objectifs-tab\" class=\"clearfix eael-tab-content-item inactive\" data-title-link=\"objectifs-tab\">\n\t\t\t\t        \t\t\t\t\t        <ul><li>R\u00e9aliser des syst\u00e8mes d\u2019information\/ produits\/indicateurs sur l\u2019\u00e9tat et la dynamique des \u00e9cosyst\u00e8mes pouvant servir de base aux d\u00e9cisions politiques tout en mettant en avant une responsabilit\u00e9 sociale vis-\u00e0-vis des \u00e9cosyst\u00e8mes\u00a0(relations entre croissance \u00e9conomique et environnement) ;<\/li><li>Renforcer les capacit\u00e9s des acteurs, par la mise \u00e0\u00a0 disposition d\u2019approches et d\u2019outils d\u2019analyse en sciences sociales, \u00e9conomiques et environnementales (sociologie, socio-\u00e9conomie, \u00e9conomie de l\u2019environnement, comptabilit\u00e9 \u00e9cosyst\u00e9mique, \u00e9conomie verte, genre et inclusion sociale, statistique, etc.)\u00a0;<\/li><li>Contribuer \u00e0 la mise en \u0153uvre du Syst\u00e8me de Comptabilit\u00e9 Economique et Environnementale au S\u00e9n\u00e9gal ;<\/li><li>Sensibiliser les institutions de recherche au concept de comptabilit\u00e9 \u00e9cosyst\u00e9mique du capital naturel et l\u2019int\u00e9grer dans les curricula.<\/li><\/ul>\t\t\t\t                            <\/div>\n\t\t        \n                    <div id=\"projetsprogrammes-tab\" class=\"clearfix eael-tab-content-item inactive\" data-title-link=\"projetsprogrammes-tab\">\n\t\t\t\t        \t\t\t\t\t        <ol><li>Coop\u00e9ration R\u00e9gionale pour de Nouveaux Indicateurs de Comptabilit\u00e9 Ecosyst\u00e9mique en Afrique (COPERNICEA)\u00a0;<\/li><li>L'atlas sur le Capital Naturel de l'Afrique.<\/li><\/ol>\t\t\t\t                            <\/div>\n\t\t        \n                    <div id=\"ralisations-rcentes--tab\" class=\"clearfix eael-tab-content-item inactive\" data-title-link=\"ralisations-rcentes--tab\">\n\t\t\t\t        \t\t\t\t\t        <p>Compte de la couverture des terres et compte du carbone \u00e9cosyst\u00e9mique du S\u00e9n\u00e9gal (<em>en cours<\/em>)<\/p>\t\t\t\t                            <\/div>\n\t\t        \n                    <div id=\"perspectives-tab\" class=\"clearfix eael-tab-content-item inactive\" data-title-link=\"perspectives-tab\">\n\t\t\t\t        \t\t\t\t\t        <ul><li>La r\u00e9alisation de la comptabilit\u00e9 du capital naturel du S\u00e9n\u00e9gal\u00a0;<\/li><li>L\u2019\u00e9laboration d\u2019un atlas sur le Capital Naturel de l'Afrique.<\/li><\/ul>\t\t\t\t                            <\/div>\n\t\t                    <\/div>\n        <\/div>\n\t\t<\/div>\n\t\t\t\t<\/div>\n\t\t\t\t\t<\/div>\n\t\t<\/div>\n\t\t\t\t\t\t\t<\/div>\n\t\t<\/section>\n\t\t\t\t\t\t\t<\/div>\n\t\t","protected":false},"excerpt":{"rendered":"<p>Mission Objectifs Projets\/programmes\u00a0 R\u00e9alisations r\u00e9centes Perspectives Informer sur l\u2019\u00e9tat et les tendances \u00e9volutives des \u00e9cosyst\u00e8mes naturels et du bien-\u00eatre humain, par la prise en compte \u00e0 la fois des dimensions \u00e9cologique, sociale et \u00e9conomique dans une perspective de d\u00e9veloppement durable et d\u2019\u00e9mergence \u00e9conomique et sociale.\u00a0 R\u00e9aliser des syst\u00e8mes d\u2019information\/ produits\/indicateurs sur l\u2019\u00e9tat et la dynamique [&hellip;]<\/p>\n","protected":false},"author":1,"featured_media":0,"parent":0,"menu_order":0,"comment_status":"closed","ping_status":"closed","template":"","meta":{"inline_featured_image":false,"cybocfi_hide_featured_image":"","footnotes":""},"class_list":["post-9835","page","type-page","status-publish","hentry"],"yoast_head":"<!-- This site is optimized with the Yoast SEO plugin v27.4 - https:\/\/yoast.com\/product\/yoast-seo-wordpress\/ -->\n<title>Socio-\u00e9conomie et appuie au d\u00e9veloppement locale - Centre de Suivi \u00c9cologique<\/title>\n<meta name=\"robots\" content=\"index, follow, max-snippet:-1, max-image-preview:large, max-video-preview:-1\" \/>\n<link rel=\"canonical\" href=\"https:\/\/www.cse.sn\/?page_id=9835\" \/>\n<meta property=\"og:locale\" content=\"fr_FR\" \/>\n<meta property=\"og:type\" content=\"article\" \/>\n<meta property=\"og:title\" content=\"Socio-\u00e9conomie et appuie au d\u00e9veloppement locale - Centre de Suivi \u00c9cologique\" \/>\n<meta property=\"og:description\" content=\"Mission Objectifs Projets\/programmes\u00a0 R\u00e9alisations r\u00e9centes Perspectives Informer sur l\u2019\u00e9tat et les tendances \u00e9volutives des \u00e9cosyst\u00e8mes naturels et du bien-\u00eatre humain, par la prise en compte \u00e0 la fois des dimensions \u00e9cologique, sociale et \u00e9conomique dans une perspective de d\u00e9veloppement durable et d\u2019\u00e9mergence \u00e9conomique et sociale.\u00a0 R\u00e9aliser des syst\u00e8mes d\u2019information\/ produits\/indicateurs sur l\u2019\u00e9tat et la dynamique [&hellip;]\" \/>\n<meta property=\"og:url\" content=\"https:\/\/www.cse.sn\/?page_id=9835\" \/>\n<meta property=\"og:site_name\" content=\"Centre de Suivi \u00c9cologique\" \/>\n<meta property=\"article:modified_time\" content=\"2023-03-21T14:01:29+00:00\" \/>\n<meta property=\"og:image\" content=\"https:\/\/www.cse.sn\/wp-content\/uploads\/2023\/03\/icons8-objectif-50.png\" \/>\n<meta name=\"twitter:card\" content=\"summary_large_image\" \/>\n<meta name=\"twitter:label1\" content=\"Dur\u00e9e de lecture estim\u00e9e\" \/>\n\t<meta name=\"twitter:data1\" content=\"1 minute\" \/>\n<script type=\"application\/ld+json\" class=\"yoast-schema-graph\">{\"@context\":\"https:\\\/\\\/schema.org\",\"@graph\":[{\"@type\":\"WebPage\",\"@id\":\"https:\\\/\\\/www.cse.sn\\\/?page_id=9835\",\"url\":\"https:\\\/\\\/www.cse.sn\\\/?page_id=9835\",\"name\":\"Socio-\u00e9conomie et appuie au d\u00e9veloppement locale - Centre de Suivi \u00c9cologique\",\"isPartOf\":{\"@id\":\"https:\\\/\\\/www.cse.sn\\\/#website\"},\"primaryImageOfPage\":{\"@id\":\"https:\\\/\\\/www.cse.sn\\\/?page_id=9835#primaryimage\"},\"image\":{\"@id\":\"https:\\\/\\\/www.cse.sn\\\/?page_id=9835#primaryimage\"},\"thumbnailUrl\":\"https:\\\/\\\/www.cse.sn\\\/wp-content\\\/uploads\\\/2023\\\/03\\\/icons8-objectif-50.png\",\"datePublished\":\"2023-03-17T22:10:34+00:00\",\"dateModified\":\"2023-03-21T14:01:29+00:00\",\"inLanguage\":\"fr-FR\",\"potentialAction\":[{\"@type\":\"ReadAction\",\"target\":[\"https:\\\/\\\/www.cse.sn\\\/?page_id=9835\"]}]},{\"@type\":\"ImageObject\",\"inLanguage\":\"fr-FR\",\"@id\":\"https:\\\/\\\/www.cse.sn\\\/?page_id=9835#primaryimage\",\"url\":\"https:\\\/\\\/www.cse.sn\\\/wp-content\\\/uploads\\\/2023\\\/03\\\/icons8-objectif-50.png\",\"contentUrl\":\"https:\\\/\\\/www.cse.sn\\\/wp-content\\\/uploads\\\/2023\\\/03\\\/icons8-objectif-50.png\",\"width\":50,\"height\":50},{\"@type\":\"WebSite\",\"@id\":\"https:\\\/\\\/www.cse.sn\\\/#website\",\"url\":\"https:\\\/\\\/www.cse.sn\\\/\",\"name\":\"Centre de Suivi \u00c9cologique\",\"description\":\"\",\"publisher\":{\"@id\":\"https:\\\/\\\/www.cse.sn\\\/#organization\"},\"potentialAction\":[{\"@type\":\"SearchAction\",\"target\":{\"@type\":\"EntryPoint\",\"urlTemplate\":\"https:\\\/\\\/www.cse.sn\\\/?s={search_term_string}\"},\"query-input\":{\"@type\":\"PropertyValueSpecification\",\"valueRequired\":true,\"valueName\":\"search_term_string\"}}],\"inLanguage\":\"fr-FR\"},{\"@type\":\"Organization\",\"@id\":\"https:\\\/\\\/www.cse.sn\\\/#organization\",\"name\":\"Centre de Suivi \u00c9cologique\",\"url\":\"https:\\\/\\\/www.cse.sn\\\/\",\"logo\":{\"@type\":\"ImageObject\",\"inLanguage\":\"fr-FR\",\"@id\":\"https:\\\/\\\/www.cse.sn\\\/#\\\/schema\\\/logo\\\/image\\\/\",\"url\":\"https:\\\/\\\/www.cse.sn\\\/wp-content\\\/uploads\\\/2023\\\/03\\\/logo-cse-siteweb.png\",\"contentUrl\":\"https:\\\/\\\/www.cse.sn\\\/wp-content\\\/uploads\\\/2023\\\/03\\\/logo-cse-siteweb.png\",\"width\":234,\"height\":90,\"caption\":\"Centre de Suivi \u00c9cologique\"},\"image\":{\"@id\":\"https:\\\/\\\/www.cse.sn\\\/#\\\/schema\\\/logo\\\/image\\\/\"}}]}<\/script>\n<!-- \/ Yoast SEO plugin. -->","yoast_head_json":{"title":"Socio-\u00e9conomie et appuie au d\u00e9veloppement locale - Centre de Suivi \u00c9cologique","robots":{"index":"index","follow":"follow","max-snippet":"max-snippet:-1","max-image-preview":"max-image-preview:large","max-video-preview":"max-video-preview:-1"},"canonical":"https:\/\/www.cse.sn\/?page_id=9835","og_locale":"fr_FR","og_type":"article","og_title":"Socio-\u00e9conomie et appuie au d\u00e9veloppement locale - Centre de Suivi \u00c9cologique","og_description":"Mission Objectifs Projets\/programmes\u00a0 R\u00e9alisations r\u00e9centes Perspectives Informer sur l\u2019\u00e9tat et les tendances \u00e9volutives des \u00e9cosyst\u00e8mes naturels et du bien-\u00eatre humain, par la prise en compte \u00e0 la fois des dimensions \u00e9cologique, sociale et \u00e9conomique dans une perspective de d\u00e9veloppement durable et d\u2019\u00e9mergence \u00e9conomique et sociale.\u00a0 R\u00e9aliser des syst\u00e8mes d\u2019information\/ produits\/indicateurs sur l\u2019\u00e9tat et la dynamique [&hellip;]","og_url":"https:\/\/www.cse.sn\/?page_id=9835","og_site_name":"Centre de Suivi \u00c9cologique","article_modified_time":"2023-03-21T14:01:29+00:00","og_image":[{"url":"https:\/\/www.cse.sn\/wp-content\/uploads\/2023\/03\/icons8-objectif-50.png","type":"","width":"","height":""}],"twitter_card":"summary_large_image","twitter_misc":{"Dur\u00e9e de lecture estim\u00e9e":"1 minute"},"schema":{"@context":"https:\/\/schema.org","@graph":[{"@type":"WebPage","@id":"https:\/\/www.cse.sn\/?page_id=9835","url":"https:\/\/www.cse.sn\/?page_id=9835","name":"Socio-\u00e9conomie et appuie au d\u00e9veloppement locale - Centre de Suivi \u00c9cologique","isPartOf":{"@id":"https:\/\/www.cse.sn\/#website"},"primaryImageOfPage":{"@id":"https:\/\/www.cse.sn\/?page_id=9835#primaryimage"},"image":{"@id":"https:\/\/www.cse.sn\/?page_id=9835#primaryimage"},"thumbnailUrl":"https:\/\/www.cse.sn\/wp-content\/uploads\/2023\/03\/icons8-objectif-50.png","datePublished":"2023-03-17T22:10:34+00:00","dateModified":"2023-03-21T14:01:29+00:00","inLanguage":"fr-FR","potentialAction":[{"@type":"ReadAction","target":["https:\/\/www.cse.sn\/?page_id=9835"]}]},{"@type":"ImageObject","inLanguage":"fr-FR","@id":"https:\/\/www.cse.sn\/?page_id=9835#primaryimage","url":"https:\/\/www.cse.sn\/wp-content\/uploads\/2023\/03\/icons8-objectif-50.png","contentUrl":"https:\/\/www.cse.sn\/wp-content\/uploads\/2023\/03\/icons8-objectif-50.png","width":50,"height":50},{"@type":"WebSite","@id":"https:\/\/www.cse.sn\/#website","url":"https:\/\/www.cse.sn\/","name":"Centre de Suivi \u00c9cologique","description":"","publisher":{"@id":"https:\/\/www.cse.sn\/#organization"},"potentialAction":[{"@type":"SearchAction","target":{"@type":"EntryPoint","urlTemplate":"https:\/\/www.cse.sn\/?s={search_term_string}"},"query-input":{"@type":"PropertyValueSpecification","valueRequired":true,"valueName":"search_term_string"}}],"inLanguage":"fr-FR"},{"@type":"Organization","@id":"https:\/\/www.cse.sn\/#organization","name":"Centre de Suivi \u00c9cologique","url":"https:\/\/www.cse.sn\/","logo":{"@type":"ImageObject","inLanguage":"fr-FR","@id":"https:\/\/www.cse.sn\/#\/schema\/logo\/image\/","url":"https:\/\/www.cse.sn\/wp-content\/uploads\/2023\/03\/logo-cse-siteweb.png","contentUrl":"https:\/\/www.cse.sn\/wp-content\/uploads\/2023\/03\/logo-cse-siteweb.png","width":234,"height":90,"caption":"Centre de Suivi \u00c9cologique"},"image":{"@id":"https:\/\/www.cse.sn\/#\/schema\/logo\/image\/"}}]}},"_links":{"self":[{"href":"https:\/\/www.cse.sn\/index.php?rest_route=\/wp\/v2\/pages\/9835","targetHints":{"allow":["GET"]}}],"collection":[{"href":"https:\/\/www.cse.sn\/index.php?rest_route=\/wp\/v2\/pages"}],"about":[{"href":"https:\/\/www.cse.sn\/index.php?rest_route=\/wp\/v2\/types\/page"}],"author":[{"embeddable":true,"href":"https:\/\/www.cse.sn\/index.php?rest_route=\/wp\/v2\/users\/1"}],"replies":[{"embeddable":true,"href":"https:\/\/www.cse.sn\/index.php?rest_route=%2Fwp%2Fv2%2Fcomments&post=9835"}],"version-history":[{"count":10,"href":"https:\/\/www.cse.sn\/index.php?rest_route=\/wp\/v2\/pages\/9835\/revisions"}],"predecessor-version":[{"id":10562,"href":"https:\/\/www.cse.sn\/index.php?rest_route=\/wp\/v2\/pages\/9835\/revisions\/10562"}],"wp:attachment":[{"href":"https:\/\/www.cse.sn\/index.php?rest_route=%2Fwp%2Fv2%2Fmedia&parent=9835"}],"curies":[{"name":"wp","href":"https:\/\/api.w.org\/{rel}","templated":true}]}}