{"id":9841,"date":"2023-03-17T23:12:35","date_gmt":"2023-03-17T22:12:35","guid":{"rendered":"https:\/\/www.cse.sn\/?page_id=9841"},"modified":"2023-04-18T02:00:28","modified_gmt":"2023-04-18T00:00:28","slug":"unite-informatique","status":"publish","type":"page","link":"https:\/\/www.cse.sn\/?page_id=9841","title":{"rendered":"Unit\u00e9 Informatique"},"content":{"rendered":"\t\t<div data-elementor-type=\"wp-page\" data-elementor-id=\"9841\" class=\"elementor elementor-9841\" data-elementor-post-type=\"page\">\n\t\t\t\t\t\t\t\t\t<section data-particle_enable=\"false\" data-particle-mobile-disabled=\"false\" class=\"elementor-section elementor-top-section elementor-element elementor-element-243cbc7 elementor-section-boxed elementor-section-height-default elementor-section-height-default\" data-id=\"243cbc7\" data-element_type=\"section\">\n\t\t\t\t\t\t<div class=\"elementor-container elementor-column-gap-default\">\n\t\t\t\t\t<div class=\"elementor-column elementor-col-100 elementor-top-column elementor-element elementor-element-8143ebe\" data-id=\"8143ebe\" data-element_type=\"column\">\n\t\t\t<div class=\"elementor-widget-wrap elementor-element-populated\">\n\t\t\t\t\t\t\t\t<div class=\"elementor-element elementor-element-7ac421d elementor-widget elementor-widget-text-editor\" data-id=\"7ac421d\" data-element_type=\"widget\" data-widget_type=\"text-editor.default\">\n\t\t\t\t<div class=\"elementor-widget-container\">\n\t\t\t<style>\/*! elementor - v3.17.0 - 08-11-2023 *\/\n.elementor-widget-text-editor.elementor-drop-cap-view-stacked .elementor-drop-cap{background-color:#69727d;color:#fff}.elementor-widget-text-editor.elementor-drop-cap-view-framed .elementor-drop-cap{color:#69727d;border:3px solid;background-color:transparent}.elementor-widget-text-editor:not(.elementor-drop-cap-view-default) .elementor-drop-cap{margin-top:8px}.elementor-widget-text-editor:not(.elementor-drop-cap-view-default) .elementor-drop-cap-letter{width:1em;height:1em}.elementor-widget-text-editor .elementor-drop-cap{float:left;text-align:center;line-height:1;font-size:50px}.elementor-widget-text-editor .elementor-drop-cap-letter{display:inline-block}<\/style>\t\t\t\t<p><strong><span style=\"color: #339966;\">RAPPEL DE LA MISSION DE L\u2019UNITE <\/span><\/strong><\/p><p>L\u2019unit\u00e9 informatique (UI) du CSE est un service transversal qui a pour mission d\u2019appuyer les autres programmes majeurs et les unit\u00e9s de services dans l\u2019accomplissement de leurs missions.<\/p><p>L\u2019UI doit mettre \u00e0 disposition le mat\u00e9riel informatique, la connexion internet et appuyer les coll\u00e8gues en formation et d\u00e9veloppement de SI. L\u2019unit\u00e9 est aussi charg\u00e9e de faire la veille technologique pour permettre au centre de maintenir son statut de leader dans le domaine de la g\u00e9omatique<\/p><p><strong><br \/><span style=\"color: #339966;\">VISION DE L\u2019UNITE <\/span><\/strong><\/p><p>La vision de l\u2019unit\u00e9 informatique est de faire du CSE un leader dans le d\u00e9veloppement des syst\u00e8mes d\u2019informations (SIG, Aide \u00e0 la d\u00e9cision, int\u00e9gr\u00e9e, etc.) au S\u00e9n\u00e9gal et en Afrique.<\/p>\t\t\t\t\t\t<\/div>\n\t\t\t\t<\/div>\n\t\t\t\t\t<\/div>\n\t\t<\/div>\n\t\t\t\t\t\t\t<\/div>\n\t\t<\/section>\n\t\t\t\t\t\t\t<\/div>\n\t\t","protected":false},"excerpt":{"rendered":"<p>RAPPEL DE LA MISSION DE L\u2019UNITE L\u2019unit\u00e9 informatique (UI) du CSE est un service transversal qui a pour mission d\u2019appuyer les autres programmes majeurs et les unit\u00e9s de services dans l\u2019accomplissement de leurs missions. L\u2019UI doit mettre \u00e0 disposition le mat\u00e9riel informatique, la connexion internet et appuyer les coll\u00e8gues en formation et d\u00e9veloppement de SI. [&hellip;]<\/p>\n","protected":false},"author":1,"featured_media":0,"parent":0,"menu_order":0,"comment_status":"closed","ping_status":"closed","template":"","meta":{"inline_featured_image":false,"cybocfi_hide_featured_image":"","footnotes":""},"class_list":["post-9841","page","type-page","status-publish","hentry"],"yoast_head":"<!-- This site is optimized with the Yoast SEO plugin v27.5 - https:\/\/yoast.com\/product\/yoast-seo-wordpress\/ -->\n<title>Unit\u00e9 Informatique - Centre de Suivi \u00c9cologique<\/title>\n<meta name=\"robots\" content=\"index, follow, max-snippet:-1, max-image-preview:large, max-video-preview:-1\" \/>\n<link rel=\"canonical\" href=\"https:\/\/www.cse.sn\/?page_id=9841\" \/>\n<meta property=\"og:locale\" content=\"fr_FR\" \/>\n<meta property=\"og:type\" content=\"article\" \/>\n<meta property=\"og:title\" content=\"Unit\u00e9 Informatique - Centre de Suivi \u00c9cologique\" \/>\n<meta property=\"og:description\" content=\"RAPPEL DE LA MISSION DE L\u2019UNITE L\u2019unit\u00e9 informatique (UI) du CSE est un service transversal qui a pour mission d\u2019appuyer les autres programmes majeurs et les unit\u00e9s de services dans l\u2019accomplissement de leurs missions. L\u2019UI doit mettre \u00e0 disposition le mat\u00e9riel informatique, la connexion internet et appuyer les coll\u00e8gues en formation et d\u00e9veloppement de SI. [&hellip;]\" \/>\n<meta property=\"og:url\" content=\"https:\/\/www.cse.sn\/?page_id=9841\" \/>\n<meta property=\"og:site_name\" content=\"Centre de Suivi \u00c9cologique\" \/>\n<meta property=\"article:modified_time\" content=\"2023-04-18T00:00:28+00:00\" \/>\n<meta name=\"twitter:card\" content=\"summary_large_image\" \/>\n<meta name=\"twitter:label1\" content=\"Dur\u00e9e de lecture estim\u00e9e\" \/>\n\t<meta name=\"twitter:data1\" content=\"1 minute\" \/>\n<script type=\"application\/ld+json\" class=\"yoast-schema-graph\">{\"@context\":\"https:\\\/\\\/schema.org\",\"@graph\":[{\"@type\":\"WebPage\",\"@id\":\"https:\\\/\\\/www.cse.sn\\\/?page_id=9841\",\"url\":\"https:\\\/\\\/www.cse.sn\\\/?page_id=9841\",\"name\":\"Unit\u00e9 Informatique - Centre de Suivi \u00c9cologique\",\"isPartOf\":{\"@id\":\"https:\\\/\\\/www.cse.sn\\\/#website\"},\"datePublished\":\"2023-03-17T22:12:35+00:00\",\"dateModified\":\"2023-04-18T00:00:28+00:00\",\"inLanguage\":\"fr-FR\",\"potentialAction\":[{\"@type\":\"ReadAction\",\"target\":[\"https:\\\/\\\/www.cse.sn\\\/?page_id=9841\"]}]},{\"@type\":\"WebSite\",\"@id\":\"https:\\\/\\\/www.cse.sn\\\/#website\",\"url\":\"https:\\\/\\\/www.cse.sn\\\/\",\"name\":\"Centre de Suivi \u00c9cologique\",\"description\":\"\",\"publisher\":{\"@id\":\"https:\\\/\\\/www.cse.sn\\\/#organization\"},\"potentialAction\":[{\"@type\":\"SearchAction\",\"target\":{\"@type\":\"EntryPoint\",\"urlTemplate\":\"https:\\\/\\\/www.cse.sn\\\/?s={search_term_string}\"},\"query-input\":{\"@type\":\"PropertyValueSpecification\",\"valueRequired\":true,\"valueName\":\"search_term_string\"}}],\"inLanguage\":\"fr-FR\"},{\"@type\":\"Organization\",\"@id\":\"https:\\\/\\\/www.cse.sn\\\/#organization\",\"name\":\"Centre de Suivi \u00c9cologique\",\"url\":\"https:\\\/\\\/www.cse.sn\\\/\",\"logo\":{\"@type\":\"ImageObject\",\"inLanguage\":\"fr-FR\",\"@id\":\"https:\\\/\\\/www.cse.sn\\\/#\\\/schema\\\/logo\\\/image\\\/\",\"url\":\"https:\\\/\\\/www.cse.sn\\\/wp-content\\\/uploads\\\/2023\\\/03\\\/logo-cse-siteweb.png\",\"contentUrl\":\"https:\\\/\\\/www.cse.sn\\\/wp-content\\\/uploads\\\/2023\\\/03\\\/logo-cse-siteweb.png\",\"width\":234,\"height\":90,\"caption\":\"Centre de Suivi \u00c9cologique\"},\"image\":{\"@id\":\"https:\\\/\\\/www.cse.sn\\\/#\\\/schema\\\/logo\\\/image\\\/\"}}]}<\/script>\n<!-- \/ Yoast SEO plugin. -->","yoast_head_json":{"title":"Unit\u00e9 Informatique - Centre de Suivi \u00c9cologique","robots":{"index":"index","follow":"follow","max-snippet":"max-snippet:-1","max-image-preview":"max-image-preview:large","max-video-preview":"max-video-preview:-1"},"canonical":"https:\/\/www.cse.sn\/?page_id=9841","og_locale":"fr_FR","og_type":"article","og_title":"Unit\u00e9 Informatique - Centre de Suivi \u00c9cologique","og_description":"RAPPEL DE LA MISSION DE L\u2019UNITE L\u2019unit\u00e9 informatique (UI) du CSE est un service transversal qui a pour mission d\u2019appuyer les autres programmes majeurs et les unit\u00e9s de services dans l\u2019accomplissement de leurs missions. L\u2019UI doit mettre \u00e0 disposition le mat\u00e9riel informatique, la connexion internet et appuyer les coll\u00e8gues en formation et d\u00e9veloppement de SI. [&hellip;]","og_url":"https:\/\/www.cse.sn\/?page_id=9841","og_site_name":"Centre de Suivi \u00c9cologique","article_modified_time":"2023-04-18T00:00:28+00:00","twitter_card":"summary_large_image","twitter_misc":{"Dur\u00e9e de lecture estim\u00e9e":"1 minute"},"schema":{"@context":"https:\/\/schema.org","@graph":[{"@type":"WebPage","@id":"https:\/\/www.cse.sn\/?page_id=9841","url":"https:\/\/www.cse.sn\/?page_id=9841","name":"Unit\u00e9 Informatique - Centre de Suivi \u00c9cologique","isPartOf":{"@id":"https:\/\/www.cse.sn\/#website"},"datePublished":"2023-03-17T22:12:35+00:00","dateModified":"2023-04-18T00:00:28+00:00","inLanguage":"fr-FR","potentialAction":[{"@type":"ReadAction","target":["https:\/\/www.cse.sn\/?page_id=9841"]}]},{"@type":"WebSite","@id":"https:\/\/www.cse.sn\/#website","url":"https:\/\/www.cse.sn\/","name":"Centre de Suivi \u00c9cologique","description":"","publisher":{"@id":"https:\/\/www.cse.sn\/#organization"},"potentialAction":[{"@type":"SearchAction","target":{"@type":"EntryPoint","urlTemplate":"https:\/\/www.cse.sn\/?s={search_term_string}"},"query-input":{"@type":"PropertyValueSpecification","valueRequired":true,"valueName":"search_term_string"}}],"inLanguage":"fr-FR"},{"@type":"Organization","@id":"https:\/\/www.cse.sn\/#organization","name":"Centre de Suivi \u00c9cologique","url":"https:\/\/www.cse.sn\/","logo":{"@type":"ImageObject","inLanguage":"fr-FR","@id":"https:\/\/www.cse.sn\/#\/schema\/logo\/image\/","url":"https:\/\/www.cse.sn\/wp-content\/uploads\/2023\/03\/logo-cse-siteweb.png","contentUrl":"https:\/\/www.cse.sn\/wp-content\/uploads\/2023\/03\/logo-cse-siteweb.png","width":234,"height":90,"caption":"Centre de Suivi \u00c9cologique"},"image":{"@id":"https:\/\/www.cse.sn\/#\/schema\/logo\/image\/"}}]}},"_links":{"self":[{"href":"https:\/\/www.cse.sn\/index.php?rest_route=\/wp\/v2\/pages\/9841","targetHints":{"allow":["GET"]}}],"collection":[{"href":"https:\/\/www.cse.sn\/index.php?rest_route=\/wp\/v2\/pages"}],"about":[{"href":"https:\/\/www.cse.sn\/index.php?rest_route=\/wp\/v2\/types\/page"}],"author":[{"embeddable":true,"href":"https:\/\/www.cse.sn\/index.php?rest_route=\/wp\/v2\/users\/1"}],"replies":[{"embeddable":true,"href":"https:\/\/www.cse.sn\/index.php?rest_route=%2Fwp%2Fv2%2Fcomments&post=9841"}],"version-history":[{"count":5,"href":"https:\/\/www.cse.sn\/index.php?rest_route=\/wp\/v2\/pages\/9841\/revisions"}],"predecessor-version":[{"id":11416,"href":"https:\/\/www.cse.sn\/index.php?rest_route=\/wp\/v2\/pages\/9841\/revisions\/11416"}],"wp:attachment":[{"href":"https:\/\/www.cse.sn\/index.php?rest_route=%2Fwp%2Fv2%2Fmedia&parent=9841"}],"curies":[{"name":"wp","href":"https:\/\/api.w.org\/{rel}","templated":true}]}}